{"id":24134,"date":"2023-10-24T13:28:10","date_gmt":"2023-10-24T13:28:10","guid":{"rendered":"https:\/\/www.teststronadlakazdego.pl\/?page_id=24134"},"modified":"2024-09-19T01:59:51","modified_gmt":"2024-09-18T23:59:51","slug":"kwalifikacje","status":"publish","type":"page","link":"https:\/\/progressogabinet.com\/?page_id=24134","title":{"rendered":"KWALIFIKACJE"},"content":{"rendered":"\t\t<div data-elementor-type=\"wp-page\" data-elementor-id=\"24134\" class=\"elementor elementor-24134\" data-elementor-post-type=\"page\">\n\t\t\t\t\t\t<section class=\"elementor-section elementor-top-section elementor-element elementor-element-1777573 elementor-section-full_width elementor-section-height-default elementor-section-height-default\" data-id=\"1777573\" data-element_type=\"section\" data-e-type=\"section\" data-settings=\"{&quot;background_background&quot;:&quot;classic&quot;}\">\n\t\t\t\t\t\t<div class=\"elementor-container elementor-column-gap-default\">\n\t\t\t\t\t<div class=\"elementor-column elementor-col-100 elementor-top-column elementor-element elementor-element-36cd149\" data-id=\"36cd149\" data-element_type=\"column\" data-e-type=\"column\">\n\t\t\t<div class=\"elementor-widget-wrap elementor-element-populated\">\n\t\t\t\t\t\t<section class=\"elementor-section elementor-inner-section elementor-element elementor-element-780bf8e elementor-section-boxed elementor-section-height-default elementor-section-height-default\" data-id=\"780bf8e\" data-element_type=\"section\" data-e-type=\"section\" data-settings=\"{&quot;background_background&quot;:&quot;classic&quot;}\">\n\t\t\t\t\t\t<div class=\"elementor-container elementor-column-gap-default\">\n\t\t\t\t\t<div class=\"elementor-column elementor-col-100 elementor-inner-column elementor-element elementor-element-d5271b0\" data-id=\"d5271b0\" data-element_type=\"column\" data-e-type=\"column\" data-settings=\"{&quot;background_background&quot;:&quot;classic&quot;}\">\n\t\t\t<div class=\"elementor-widget-wrap elementor-element-populated\">\n\t\t\t\t\t\t<div class=\"elementor-element elementor-element-8149e00 elementor-invisible elementor-widget elementor-widget-heading\" data-id=\"8149e00\" data-element_type=\"widget\" data-e-type=\"widget\" data-settings=\"{&quot;_animation&quot;:&quot;fadeInDown&quot;,&quot;_animation_delay&quot;:100}\" data-widget_type=\"heading.default\">\n\t\t\t\t<div class=\"elementor-widget-container\">\n\t\t\t\t\t<h2 class=\"elementor-heading-title elementor-size-default\">Kwalifikacje<\/h2>\t\t\t\t<\/div>\n\t\t\t\t<\/div>\n\t\t\t\t<div class=\"elementor-element elementor-element-e30ee32 elementor-invisible elementor-widget elementor-widget-text-editor\" data-id=\"e30ee32\" data-element_type=\"widget\" data-e-type=\"widget\" data-settings=\"{&quot;_animation&quot;:&quot;fadeInUp&quot;,&quot;_animation_delay&quot;:100}\" data-widget_type=\"text-editor.default\">\n\t\t\t\t<div class=\"elementor-widget-container\">\n\t\t\t\t\t\t\t\t\t<p>Uko\u0144czy\u0142am studia magisterskie z psychologii o specjalno\u015bci Psychologia Kliniczna Cz\u0142owieka Doros\u0142ego na Uniwersytecie SWPS w Poznaniu oraz podyplomowe studia z Coachingu na Uniwersytecie SWPS. Kolejnym etapem zawodowego rozwoju by\u0142o rozpocz\u0119cie 4 letniego kursu w Profesjonalnej Szkole Psychoterapii w Instytucie Psychologii Zdrowia im. Jerzego Mellibrudy w Warszawie, rekomendowanej przez Polskie Towarzystwo Psychologiczne i Polskie Towarzystwo Psychiatryczne. Nieustannie bior\u0119 udzia\u0142 w licznych szkoleniach organizowanych dla psycholog\u00f3w i psychoterapeut\u00f3w, poniewa\u017c obszar wykonywanej pracy jest w moim przekonaniu nierozerwalnie zwi\u0105zany z potrzeb\u0105 ci\u0105g\u0142ego zwi\u0119kszania umiej\u0119tno\u015bci i uaktualniania swojej wiedzy.<\/p><p>Aby jak najlepiej i najskuteczniej s\u0142u\u017cy\u0107 moim pacjentom i klientom, swoj\u0105 prac\u0119 poddaj\u0119 regularnej superwizji u certyfikowanych superwizor\u00f3w.<\/p><p>Obecnie, opr\u00f3cz gabinetu PROGRESSO pracuj\u0119 r\u00f3wnie\u017c w Wielkopolskim Centrum Zdrowia Psychicznego Katharsis w Poznaniu oraz w \u015arodzie Wielkopolskiej<\/p><p>Jestem tak\u017ce absolwentk\u0105 studi\u00f3w ekonomicznych Uniwersytetu UNISA w RPA.<\/p>\t\t\t\t\t\t\t\t<\/div>\n\t\t\t\t<\/div>\n\t\t\t\t\t<\/div>\n\t\t<\/div>\n\t\t\t\t\t<\/div>\n\t\t<\/section>\n\t\t\t\t\t<\/div>\n\t\t<\/div>\n\t\t\t\t\t<\/div>\n\t\t<\/section>\n\t\t\t\t<\/div>\n\t\t","protected":false},"excerpt":{"rendered":"<p>Kwalifikacje Uko\u0144czy\u0142am studia magisterskie z psychologii o specjalno\u015bci Psychologia Kliniczna Cz\u0142owieka Doros\u0142ego na Uniwersytecie SWPS w Poznaniu oraz podyplomowe studia [&hellip;]<\/p>\n","protected":false},"author":1,"featured_media":0,"parent":0,"menu_order":0,"comment_status":"closed","ping_status":"closed","template":"","meta":{"inline_featured_image":false,"site-sidebar-layout":"no-sidebar","site-content-layout":"","ast-site-content-layout":"full-width-container","site-content-style":"default","site-sidebar-style":"default","ast-global-header-display":"","ast-banner-title-visibility":"","ast-main-header-display":"","ast-hfb-above-header-display":"","ast-hfb-below-header-display":"","ast-hfb-mobile-header-display":"","site-post-title":"disabled","ast-breadcrumbs-content":"","ast-featured-img":"disabled","footer-sml-layout":"","ast-disable-related-posts":"","theme-transparent-header-meta":"","adv-header-id-meta":"","stick-header-meta":"","header-above-stick-meta":"","header-main-stick-meta":"","header-below-stick-meta":"","astra-migrate-meta-layouts":"default","ast-page-background-enabled":"default","ast-page-background-meta":{"desktop":{"background-color":"var(--ast-global-color-4)","background-image":"","background-repeat":"repeat","background-position":"center center","background-size":"auto","background-attachment":"scroll","background-type":"","background-media":"","overlay-type":"","overlay-color":"","overlay-opacity":"","overlay-gradient":""},"tablet":{"background-color":"","background-image":"","background-repeat":"repeat","background-position":"center center","background-size":"auto","background-attachment":"scroll","background-type":"","background-media":"","overlay-type":"","overlay-color":"","overlay-opacity":"","overlay-gradient":""},"mobile":{"background-color":"","background-image":"","background-repeat":"repeat","background-position":"center center","background-size":"auto","background-attachment":"scroll","background-type":"","background-media":"","overlay-type":"","overlay-color":"","overlay-opacity":"","overlay-gradient":""}},"ast-content-background-meta":{"desktop":{"background-color":"var(--ast-global-color-5)","background-image":"","background-repeat":"repeat","background-position":"center center","background-size":"auto","background-attachment":"scroll","background-type":"","background-media":"","overlay-type":"","overlay-color":"","overlay-opacity":"","overlay-gradient":""},"tablet":{"background-color":"var(--ast-global-color-5)","background-image":"","background-repeat":"repeat","background-position":"center center","background-size":"auto","background-attachment":"scroll","background-type":"","background-media":"","overlay-type":"","overlay-color":"","overlay-opacity":"","overlay-gradient":""},"mobile":{"background-color":"var(--ast-global-color-5)","background-image":"","background-repeat":"repeat","background-position":"center center","background-size":"auto","background-attachment":"scroll","background-type":"","background-media":"","overlay-type":"","overlay-color":"","overlay-opacity":"","overlay-gradient":""}},"footnotes":""},"class_list":["post-24134","page","type-page","status-publish","hentry"],"yoast_head":"<!-- This site is optimized with the Yoast SEO plugin v27.3 - https:\/\/yoast.com\/product\/yoast-seo-wordpress\/ -->\n<title>KWALIFIKACJE - PROGRESSO Anna R\u00f3\u017ca\u0144ska<\/title>\n<meta name=\"description\" content=\"Strona internetowa Anna R\u00f3\u017ca\u0144ska Psycholog dzia\u0142aj\u0105cy w Poznaniu i nie tylko. Zach\u0119cam do skorzystania z moich kwalifikacji.\" \/>\n<meta name=\"robots\" content=\"index, follow, max-snippet:-1, max-image-preview:large, max-video-preview:-1\" \/>\n<link rel=\"canonical\" href=\"https:\/\/progressogabinet.com\/?page_id=24134\" \/>\n<meta property=\"og:locale\" content=\"en_US\" \/>\n<meta property=\"og:type\" content=\"article\" \/>\n<meta property=\"og:title\" content=\"KWALIFIKACJE - PROGRESSO Anna R\u00f3\u017ca\u0144ska\" \/>\n<meta property=\"og:description\" content=\"Strona internetowa Anna R\u00f3\u017ca\u0144ska Psycholog dzia\u0142aj\u0105cy w Poznaniu i nie tylko. Zach\u0119cam do skorzystania z moich kwalifikacji.\" \/>\n<meta property=\"og:url\" content=\"https:\/\/progressogabinet.com\/?page_id=24134\" \/>\n<meta property=\"og:site_name\" content=\"PROGRESSO Anna R\u00f3\u017ca\u0144ska\" \/>\n<meta property=\"article:modified_time\" content=\"2024-09-18T23:59:51+00:00\" \/>\n<meta name=\"twitter:card\" content=\"summary_large_image\" \/>\n<meta name=\"twitter:label1\" content=\"Est. reading time\" \/>\n\t<meta name=\"twitter:data1\" content=\"1 minute\" \/>\n<script type=\"application\/ld+json\" class=\"yoast-schema-graph\">{\"@context\":\"https:\\\/\\\/schema.org\",\"@graph\":[{\"@type\":\"WebPage\",\"@id\":\"https:\\\/\\\/progressogabinet.com\\\/?page_id=24134\",\"url\":\"https:\\\/\\\/progressogabinet.com\\\/?page_id=24134\",\"name\":\"KWALIFIKACJE - PROGRESSO Anna R\u00f3\u017ca\u0144ska\",\"isPartOf\":{\"@id\":\"https:\\\/\\\/progressogabinet.com\\\/#website\"},\"datePublished\":\"2023-10-24T13:28:10+00:00\",\"dateModified\":\"2024-09-18T23:59:51+00:00\",\"description\":\"Strona internetowa Anna R\u00f3\u017ca\u0144ska Psycholog dzia\u0142aj\u0105cy w Poznaniu i nie tylko. Zach\u0119cam do skorzystania z moich kwalifikacji.\",\"breadcrumb\":{\"@id\":\"https:\\\/\\\/progressogabinet.com\\\/?page_id=24134#breadcrumb\"},\"inLanguage\":\"en-US\",\"potentialAction\":[{\"@type\":\"ReadAction\",\"target\":[\"https:\\\/\\\/progressogabinet.com\\\/?page_id=24134\"]}]},{\"@type\":\"BreadcrumbList\",\"@id\":\"https:\\\/\\\/progressogabinet.com\\\/?page_id=24134#breadcrumb\",\"itemListElement\":[{\"@type\":\"ListItem\",\"position\":1,\"name\":\"Home\",\"item\":\"https:\\\/\\\/progressogabinet.com\\\/\"},{\"@type\":\"ListItem\",\"position\":2,\"name\":\"KWALIFIKACJE\"}]},{\"@type\":\"WebSite\",\"@id\":\"https:\\\/\\\/progressogabinet.com\\\/#website\",\"url\":\"https:\\\/\\\/progressogabinet.com\\\/\",\"name\":\"PROGRESSO Anna R\u00f3\u017ca\u0144ska\",\"description\":\"Gabinet wsparcia I rozwoju\",\"publisher\":{\"@id\":\"https:\\\/\\\/progressogabinet.com\\\/#organization\"},\"potentialAction\":[{\"@type\":\"SearchAction\",\"target\":{\"@type\":\"EntryPoint\",\"urlTemplate\":\"https:\\\/\\\/progressogabinet.com\\\/?s={search_term_string}\"},\"query-input\":{\"@type\":\"PropertyValueSpecification\",\"valueRequired\":true,\"valueName\":\"search_term_string\"}}],\"inLanguage\":\"en-US\"},{\"@type\":\"Organization\",\"@id\":\"https:\\\/\\\/progressogabinet.com\\\/#organization\",\"name\":\"PROGRESSO Anna R\u00f3\u017ca\u0144ska\",\"url\":\"https:\\\/\\\/progressogabinet.com\\\/\",\"logo\":{\"@type\":\"ImageObject\",\"inLanguage\":\"en-US\",\"@id\":\"https:\\\/\\\/progressogabinet.com\\\/#\\\/schema\\\/logo\\\/image\\\/\",\"url\":\"https:\\\/\\\/progressogabinet.com\\\/wp-content\\\/uploads\\\/2023\\\/10\\\/393143754_2130615260607702_8919032236120038691_n.png\",\"contentUrl\":\"https:\\\/\\\/progressogabinet.com\\\/wp-content\\\/uploads\\\/2023\\\/10\\\/393143754_2130615260607702_8919032236120038691_n.png\",\"width\":2053,\"height\":501,\"caption\":\"PROGRESSO Anna R\u00f3\u017ca\u0144ska\"},\"image\":{\"@id\":\"https:\\\/\\\/progressogabinet.com\\\/#\\\/schema\\\/logo\\\/image\\\/\"}}]}<\/script>\n<!-- \/ Yoast SEO plugin. -->","yoast_head_json":{"title":"KWALIFIKACJE - PROGRESSO Anna R\u00f3\u017ca\u0144ska","description":"Strona internetowa Anna R\u00f3\u017ca\u0144ska Psycholog dzia\u0142aj\u0105cy w Poznaniu i nie tylko. Zach\u0119cam do skorzystania z moich kwalifikacji.","robots":{"index":"index","follow":"follow","max-snippet":"max-snippet:-1","max-image-preview":"max-image-preview:large","max-video-preview":"max-video-preview:-1"},"canonical":"https:\/\/progressogabinet.com\/?page_id=24134","og_locale":"en_US","og_type":"article","og_title":"KWALIFIKACJE - PROGRESSO Anna R\u00f3\u017ca\u0144ska","og_description":"Strona internetowa Anna R\u00f3\u017ca\u0144ska Psycholog dzia\u0142aj\u0105cy w Poznaniu i nie tylko. Zach\u0119cam do skorzystania z moich kwalifikacji.","og_url":"https:\/\/progressogabinet.com\/?page_id=24134","og_site_name":"PROGRESSO Anna R\u00f3\u017ca\u0144ska","article_modified_time":"2024-09-18T23:59:51+00:00","twitter_card":"summary_large_image","twitter_misc":{"Est. reading time":"1 minute"},"schema":{"@context":"https:\/\/schema.org","@graph":[{"@type":"WebPage","@id":"https:\/\/progressogabinet.com\/?page_id=24134","url":"https:\/\/progressogabinet.com\/?page_id=24134","name":"KWALIFIKACJE - PROGRESSO Anna R\u00f3\u017ca\u0144ska","isPartOf":{"@id":"https:\/\/progressogabinet.com\/#website"},"datePublished":"2023-10-24T13:28:10+00:00","dateModified":"2024-09-18T23:59:51+00:00","description":"Strona internetowa Anna R\u00f3\u017ca\u0144ska Psycholog dzia\u0142aj\u0105cy w Poznaniu i nie tylko. Zach\u0119cam do skorzystania z moich kwalifikacji.","breadcrumb":{"@id":"https:\/\/progressogabinet.com\/?page_id=24134#breadcrumb"},"inLanguage":"en-US","potentialAction":[{"@type":"ReadAction","target":["https:\/\/progressogabinet.com\/?page_id=24134"]}]},{"@type":"BreadcrumbList","@id":"https:\/\/progressogabinet.com\/?page_id=24134#breadcrumb","itemListElement":[{"@type":"ListItem","position":1,"name":"Home","item":"https:\/\/progressogabinet.com\/"},{"@type":"ListItem","position":2,"name":"KWALIFIKACJE"}]},{"@type":"WebSite","@id":"https:\/\/progressogabinet.com\/#website","url":"https:\/\/progressogabinet.com\/","name":"PROGRESSO Anna R\u00f3\u017ca\u0144ska","description":"Gabinet wsparcia I rozwoju","publisher":{"@id":"https:\/\/progressogabinet.com\/#organization"},"potentialAction":[{"@type":"SearchAction","target":{"@type":"EntryPoint","urlTemplate":"https:\/\/progressogabinet.com\/?s={search_term_string}"},"query-input":{"@type":"PropertyValueSpecification","valueRequired":true,"valueName":"search_term_string"}}],"inLanguage":"en-US"},{"@type":"Organization","@id":"https:\/\/progressogabinet.com\/#organization","name":"PROGRESSO Anna R\u00f3\u017ca\u0144ska","url":"https:\/\/progressogabinet.com\/","logo":{"@type":"ImageObject","inLanguage":"en-US","@id":"https:\/\/progressogabinet.com\/#\/schema\/logo\/image\/","url":"https:\/\/progressogabinet.com\/wp-content\/uploads\/2023\/10\/393143754_2130615260607702_8919032236120038691_n.png","contentUrl":"https:\/\/progressogabinet.com\/wp-content\/uploads\/2023\/10\/393143754_2130615260607702_8919032236120038691_n.png","width":2053,"height":501,"caption":"PROGRESSO Anna R\u00f3\u017ca\u0144ska"},"image":{"@id":"https:\/\/progressogabinet.com\/#\/schema\/logo\/image\/"}}]}},"_links":{"self":[{"href":"https:\/\/progressogabinet.com\/index.php?rest_route=\/wp\/v2\/pages\/24134","targetHints":{"allow":["GET"]}}],"collection":[{"href":"https:\/\/progressogabinet.com\/index.php?rest_route=\/wp\/v2\/pages"}],"about":[{"href":"https:\/\/progressogabinet.com\/index.php?rest_route=\/wp\/v2\/types\/page"}],"author":[{"embeddable":true,"href":"https:\/\/progressogabinet.com\/index.php?rest_route=\/wp\/v2\/users\/1"}],"replies":[{"embeddable":true,"href":"https:\/\/progressogabinet.com\/index.php?rest_route=%2Fwp%2Fv2%2Fcomments&post=24134"}],"version-history":[{"count":3,"href":"https:\/\/progressogabinet.com\/index.php?rest_route=\/wp\/v2\/pages\/24134\/revisions"}],"predecessor-version":[{"id":28709,"href":"https:\/\/progressogabinet.com\/index.php?rest_route=\/wp\/v2\/pages\/24134\/revisions\/28709"}],"wp:attachment":[{"href":"https:\/\/progressogabinet.com\/index.php?rest_route=%2Fwp%2Fv2%2Fmedia&parent=24134"}],"curies":[{"name":"wp","href":"https:\/\/api.w.org\/{rel}","templated":true}]}}