{"id":24143,"date":"2023-10-24T13:30:59","date_gmt":"2023-10-24T13:30:59","guid":{"rendered":"https:\/\/www.teststronadlakazdego.pl\/?page_id=24143"},"modified":"2025-07-05T18:36:17","modified_gmt":"2025-07-05T16:36:17","slug":"cennik","status":"publish","type":"page","link":"https:\/\/progressogabinet.com\/?page_id=24143","title":{"rendered":"CENNIK"},"content":{"rendered":"\t\t<div data-elementor-type=\"wp-page\" data-elementor-id=\"24143\" class=\"elementor elementor-24143\" data-elementor-post-type=\"page\">\n\t\t\t\t\t\t<section class=\"elementor-section elementor-top-section elementor-element elementor-element-053d61c elementor-section-boxed elementor-section-height-default elementor-section-height-default\" data-id=\"053d61c\" data-element_type=\"section\" data-e-type=\"section\" data-settings=\"{&quot;background_background&quot;:&quot;classic&quot;}\">\n\t\t\t\t\t\t<div class=\"elementor-container elementor-column-gap-default\">\n\t\t\t\t\t<div class=\"elementor-column elementor-col-100 elementor-top-column elementor-element elementor-element-0629628\" data-id=\"0629628\" data-element_type=\"column\" data-e-type=\"column\" data-settings=\"{&quot;background_background&quot;:&quot;classic&quot;}\">\n\t\t\t<div class=\"elementor-widget-wrap elementor-element-populated\">\n\t\t\t\t\t\t<div class=\"elementor-element elementor-element-f3fcc22 elementor-widget-widescreen__width-initial elementor-widget elementor-widget-heading\" data-id=\"f3fcc22\" data-element_type=\"widget\" data-e-type=\"widget\" data-widget_type=\"heading.default\">\n\t\t\t\t<div class=\"elementor-widget-container\">\n\t\t\t\t\t<h2 class=\"elementor-heading-title elementor-size-default\">CENNIK<\/h2>\t\t\t\t<\/div>\n\t\t\t\t<\/div>\n\t\t\t\t<div class=\"elementor-element elementor-element-4a6313a elementor-icon-list--layout-traditional elementor-list-item-link-full_width elementor-widget elementor-widget-icon-list\" data-id=\"4a6313a\" data-element_type=\"widget\" data-e-type=\"widget\" data-widget_type=\"icon-list.default\">\n\t\t\t\t<div class=\"elementor-widget-container\">\n\t\t\t\t\t\t\t<ul class=\"elementor-icon-list-items\">\n\t\t\t\t\t\t\t<li class=\"elementor-icon-list-item\">\n\t\t\t\t\t\t\t\t\t\t\t<span class=\"elementor-icon-list-icon\">\n\t\t\t\t\t\t\t<svg aria-hidden=\"true\" class=\"e-font-icon-svg e-fas-circle\" viewBox=\"0 0 512 512\" xmlns=\"http:\/\/www.w3.org\/2000\/svg\"><path d=\"M256 8C119 8 8 119 8 256s111 248 248 248 248-111 248-248S393 8 256 8z\"><\/path><\/svg>\t\t\t\t\t\t<\/span>\n\t\t\t\t\t\t\t\t\t\t<span class=\"elementor-icon-list-text\">Konsultacja 1 h \u2013 180 z\u0142 <\/span>\n\t\t\t\t\t\t\t\t\t<\/li>\n\t\t\t\t\t\t\t\t<li class=\"elementor-icon-list-item\">\n\t\t\t\t\t\t\t\t\t\t\t<span class=\"elementor-icon-list-icon\">\n\t\t\t\t\t\t\t<svg aria-hidden=\"true\" class=\"e-font-icon-svg e-fas-circle\" viewBox=\"0 0 512 512\" xmlns=\"http:\/\/www.w3.org\/2000\/svg\"><path d=\"M256 8C119 8 8 119 8 256s111 248 248 248 248-111 248-248S393 8 256 8z\"><\/path><\/svg>\t\t\t\t\t\t<\/span>\n\t\t\t\t\t\t\t\t\t\t<span class=\"elementor-icon-list-text\">sesja psychologiczna 50 min \u2013 200 z\u0142<\/span>\n\t\t\t\t\t\t\t\t\t<\/li>\n\t\t\t\t\t\t\t\t<li class=\"elementor-icon-list-item\">\n\t\t\t\t\t\t\t\t\t\t\t<span class=\"elementor-icon-list-icon\">\n\t\t\t\t\t\t\t<svg aria-hidden=\"true\" class=\"e-font-icon-svg e-fas-circle\" viewBox=\"0 0 512 512\" xmlns=\"http:\/\/www.w3.org\/2000\/svg\"><path d=\"M256 8C119 8 8 119 8 256s111 248 248 248 248-111 248-248S393 8 256 8z\"><\/path><\/svg>\t\t\t\t\t\t<\/span>\n\t\t\t\t\t\t\t\t\t\t<span class=\"elementor-icon-list-text\"> sesja coachingowa 50 min \u2013 200 z\u0142<\/span>\n\t\t\t\t\t\t\t\t\t<\/li>\n\t\t\t\t\t\t<\/ul>\n\t\t\t\t\t\t<\/div>\n\t\t\t\t<\/div>\n\t\t\t\t\t<\/div>\n\t\t<\/div>\n\t\t\t\t\t<\/div>\n\t\t<\/section>\n\t\t\t\t<\/div>\n\t\t","protected":false},"excerpt":{"rendered":"<p>CENNIK Konsultacja 1 h \u2013 180 z\u0142 sesja psychologiczna 50 min \u2013 200 z\u0142 sesja coachingowa 50 min \u2013 200 [&hellip;]<\/p>\n","protected":false},"author":1,"featured_media":0,"parent":0,"menu_order":0,"comment_status":"closed","ping_status":"closed","template":"","meta":{"inline_featured_image":false,"site-sidebar-layout":"no-sidebar","site-content-layout":"","ast-site-content-layout":"full-width-container","site-content-style":"default","site-sidebar-style":"default","ast-global-header-display":"","ast-banner-title-visibility":"","ast-main-header-display":"","ast-hfb-above-header-display":"","ast-hfb-below-header-display":"","ast-hfb-mobile-header-display":"","site-post-title":"disabled","ast-breadcrumbs-content":"","ast-featured-img":"disabled","footer-sml-layout":"","ast-disable-related-posts":"","theme-transparent-header-meta":"","adv-header-id-meta":"","stick-header-meta":"","header-above-stick-meta":"","header-main-stick-meta":"","header-below-stick-meta":"","astra-migrate-meta-layouts":"default","ast-page-background-enabled":"default","ast-page-background-meta":{"desktop":{"background-color":"var(--ast-global-color-4)","background-image":"","background-repeat":"repeat","background-position":"center center","background-size":"auto","background-attachment":"scroll","background-type":"","background-media":"","overlay-type":"","overlay-color":"","overlay-opacity":"","overlay-gradient":""},"tablet":{"background-color":"","background-image":"","background-repeat":"repeat","background-position":"center center","background-size":"auto","background-attachment":"scroll","background-type":"","background-media":"","overlay-type":"","overlay-color":"","overlay-opacity":"","overlay-gradient":""},"mobile":{"background-color":"","background-image":"","background-repeat":"repeat","background-position":"center center","background-size":"auto","background-attachment":"scroll","background-type":"","background-media":"","overlay-type":"","overlay-color":"","overlay-opacity":"","overlay-gradient":""}},"ast-content-background-meta":{"desktop":{"background-color":"var(--ast-global-color-5)","background-image":"","background-repeat":"repeat","background-position":"center center","background-size":"auto","background-attachment":"scroll","background-type":"","background-media":"","overlay-type":"","overlay-color":"","overlay-opacity":"","overlay-gradient":""},"tablet":{"background-color":"var(--ast-global-color-5)","background-image":"","background-repeat":"repeat","background-position":"center center","background-size":"auto","background-attachment":"scroll","background-type":"","background-media":"","overlay-type":"","overlay-color":"","overlay-opacity":"","overlay-gradient":""},"mobile":{"background-color":"var(--ast-global-color-5)","background-image":"","background-repeat":"repeat","background-position":"center center","background-size":"auto","background-attachment":"scroll","background-type":"","background-media":"","overlay-type":"","overlay-color":"","overlay-opacity":"","overlay-gradient":""}},"footnotes":""},"class_list":["post-24143","page","type-page","status-publish","hentry"],"yoast_head":"<!-- This site is optimized with the Yoast SEO plugin v27.3 - https:\/\/yoast.com\/product\/yoast-seo-wordpress\/ -->\n<title>CENNIK - PROGRESSO Anna R\u00f3\u017ca\u0144ska<\/title>\n<meta name=\"description\" content=\"Strona internetowa Anna R\u00f3\u017ca\u0144ska Psycholog dzia\u0142aj\u0105cy w Poznaniu i nie tylko. Zach\u0119cam do skorzystania z moich us\u0142ug.\" \/>\n<meta name=\"robots\" content=\"index, follow, max-snippet:-1, max-image-preview:large, max-video-preview:-1\" \/>\n<link rel=\"canonical\" href=\"https:\/\/progressogabinet.com\/?page_id=24143\" \/>\n<meta property=\"og:locale\" content=\"en_US\" \/>\n<meta property=\"og:type\" content=\"article\" \/>\n<meta property=\"og:title\" content=\"CENNIK - PROGRESSO Anna R\u00f3\u017ca\u0144ska\" \/>\n<meta property=\"og:description\" content=\"Strona internetowa Anna R\u00f3\u017ca\u0144ska Psycholog dzia\u0142aj\u0105cy w Poznaniu i nie tylko. Zach\u0119cam do skorzystania z moich us\u0142ug.\" \/>\n<meta property=\"og:url\" content=\"https:\/\/progressogabinet.com\/?page_id=24143\" \/>\n<meta property=\"og:site_name\" content=\"PROGRESSO Anna R\u00f3\u017ca\u0144ska\" \/>\n<meta property=\"article:modified_time\" content=\"2025-07-05T16:36:17+00:00\" \/>\n<meta name=\"twitter:card\" content=\"summary_large_image\" \/>\n<meta name=\"twitter:label1\" content=\"Est. reading time\" \/>\n\t<meta name=\"twitter:data1\" content=\"1 minute\" \/>\n<script type=\"application\/ld+json\" class=\"yoast-schema-graph\">{\"@context\":\"https:\\\/\\\/schema.org\",\"@graph\":[{\"@type\":\"WebPage\",\"@id\":\"https:\\\/\\\/progressogabinet.com\\\/?page_id=24143\",\"url\":\"https:\\\/\\\/progressogabinet.com\\\/?page_id=24143\",\"name\":\"CENNIK - PROGRESSO Anna R\u00f3\u017ca\u0144ska\",\"isPartOf\":{\"@id\":\"https:\\\/\\\/progressogabinet.com\\\/#website\"},\"datePublished\":\"2023-10-24T13:30:59+00:00\",\"dateModified\":\"2025-07-05T16:36:17+00:00\",\"description\":\"Strona internetowa Anna R\u00f3\u017ca\u0144ska Psycholog dzia\u0142aj\u0105cy w Poznaniu i nie tylko. Zach\u0119cam do skorzystania z moich us\u0142ug.\",\"breadcrumb\":{\"@id\":\"https:\\\/\\\/progressogabinet.com\\\/?page_id=24143#breadcrumb\"},\"inLanguage\":\"en-US\",\"potentialAction\":[{\"@type\":\"ReadAction\",\"target\":[\"https:\\\/\\\/progressogabinet.com\\\/?page_id=24143\"]}]},{\"@type\":\"BreadcrumbList\",\"@id\":\"https:\\\/\\\/progressogabinet.com\\\/?page_id=24143#breadcrumb\",\"itemListElement\":[{\"@type\":\"ListItem\",\"position\":1,\"name\":\"Home\",\"item\":\"https:\\\/\\\/progressogabinet.com\\\/\"},{\"@type\":\"ListItem\",\"position\":2,\"name\":\"CENNIK\"}]},{\"@type\":\"WebSite\",\"@id\":\"https:\\\/\\\/progressogabinet.com\\\/#website\",\"url\":\"https:\\\/\\\/progressogabinet.com\\\/\",\"name\":\"PROGRESSO Anna R\u00f3\u017ca\u0144ska\",\"description\":\"Gabinet wsparcia I rozwoju\",\"publisher\":{\"@id\":\"https:\\\/\\\/progressogabinet.com\\\/#organization\"},\"potentialAction\":[{\"@type\":\"SearchAction\",\"target\":{\"@type\":\"EntryPoint\",\"urlTemplate\":\"https:\\\/\\\/progressogabinet.com\\\/?s={search_term_string}\"},\"query-input\":{\"@type\":\"PropertyValueSpecification\",\"valueRequired\":true,\"valueName\":\"search_term_string\"}}],\"inLanguage\":\"en-US\"},{\"@type\":\"Organization\",\"@id\":\"https:\\\/\\\/progressogabinet.com\\\/#organization\",\"name\":\"PROGRESSO Anna R\u00f3\u017ca\u0144ska\",\"url\":\"https:\\\/\\\/progressogabinet.com\\\/\",\"logo\":{\"@type\":\"ImageObject\",\"inLanguage\":\"en-US\",\"@id\":\"https:\\\/\\\/progressogabinet.com\\\/#\\\/schema\\\/logo\\\/image\\\/\",\"url\":\"https:\\\/\\\/progressogabinet.com\\\/wp-content\\\/uploads\\\/2023\\\/10\\\/393143754_2130615260607702_8919032236120038691_n.png\",\"contentUrl\":\"https:\\\/\\\/progressogabinet.com\\\/wp-content\\\/uploads\\\/2023\\\/10\\\/393143754_2130615260607702_8919032236120038691_n.png\",\"width\":2053,\"height\":501,\"caption\":\"PROGRESSO Anna R\u00f3\u017ca\u0144ska\"},\"image\":{\"@id\":\"https:\\\/\\\/progressogabinet.com\\\/#\\\/schema\\\/logo\\\/image\\\/\"}}]}<\/script>\n<!-- \/ Yoast SEO plugin. -->","yoast_head_json":{"title":"CENNIK - PROGRESSO Anna R\u00f3\u017ca\u0144ska","description":"Strona internetowa Anna R\u00f3\u017ca\u0144ska Psycholog dzia\u0142aj\u0105cy w Poznaniu i nie tylko. Zach\u0119cam do skorzystania z moich us\u0142ug.","robots":{"index":"index","follow":"follow","max-snippet":"max-snippet:-1","max-image-preview":"max-image-preview:large","max-video-preview":"max-video-preview:-1"},"canonical":"https:\/\/progressogabinet.com\/?page_id=24143","og_locale":"en_US","og_type":"article","og_title":"CENNIK - PROGRESSO Anna R\u00f3\u017ca\u0144ska","og_description":"Strona internetowa Anna R\u00f3\u017ca\u0144ska Psycholog dzia\u0142aj\u0105cy w Poznaniu i nie tylko. Zach\u0119cam do skorzystania z moich us\u0142ug.","og_url":"https:\/\/progressogabinet.com\/?page_id=24143","og_site_name":"PROGRESSO Anna R\u00f3\u017ca\u0144ska","article_modified_time":"2025-07-05T16:36:17+00:00","twitter_card":"summary_large_image","twitter_misc":{"Est. reading time":"1 minute"},"schema":{"@context":"https:\/\/schema.org","@graph":[{"@type":"WebPage","@id":"https:\/\/progressogabinet.com\/?page_id=24143","url":"https:\/\/progressogabinet.com\/?page_id=24143","name":"CENNIK - PROGRESSO Anna R\u00f3\u017ca\u0144ska","isPartOf":{"@id":"https:\/\/progressogabinet.com\/#website"},"datePublished":"2023-10-24T13:30:59+00:00","dateModified":"2025-07-05T16:36:17+00:00","description":"Strona internetowa Anna R\u00f3\u017ca\u0144ska Psycholog dzia\u0142aj\u0105cy w Poznaniu i nie tylko. Zach\u0119cam do skorzystania z moich us\u0142ug.","breadcrumb":{"@id":"https:\/\/progressogabinet.com\/?page_id=24143#breadcrumb"},"inLanguage":"en-US","potentialAction":[{"@type":"ReadAction","target":["https:\/\/progressogabinet.com\/?page_id=24143"]}]},{"@type":"BreadcrumbList","@id":"https:\/\/progressogabinet.com\/?page_id=24143#breadcrumb","itemListElement":[{"@type":"ListItem","position":1,"name":"Home","item":"https:\/\/progressogabinet.com\/"},{"@type":"ListItem","position":2,"name":"CENNIK"}]},{"@type":"WebSite","@id":"https:\/\/progressogabinet.com\/#website","url":"https:\/\/progressogabinet.com\/","name":"PROGRESSO Anna R\u00f3\u017ca\u0144ska","description":"Gabinet wsparcia I rozwoju","publisher":{"@id":"https:\/\/progressogabinet.com\/#organization"},"potentialAction":[{"@type":"SearchAction","target":{"@type":"EntryPoint","urlTemplate":"https:\/\/progressogabinet.com\/?s={search_term_string}"},"query-input":{"@type":"PropertyValueSpecification","valueRequired":true,"valueName":"search_term_string"}}],"inLanguage":"en-US"},{"@type":"Organization","@id":"https:\/\/progressogabinet.com\/#organization","name":"PROGRESSO Anna R\u00f3\u017ca\u0144ska","url":"https:\/\/progressogabinet.com\/","logo":{"@type":"ImageObject","inLanguage":"en-US","@id":"https:\/\/progressogabinet.com\/#\/schema\/logo\/image\/","url":"https:\/\/progressogabinet.com\/wp-content\/uploads\/2023\/10\/393143754_2130615260607702_8919032236120038691_n.png","contentUrl":"https:\/\/progressogabinet.com\/wp-content\/uploads\/2023\/10\/393143754_2130615260607702_8919032236120038691_n.png","width":2053,"height":501,"caption":"PROGRESSO Anna R\u00f3\u017ca\u0144ska"},"image":{"@id":"https:\/\/progressogabinet.com\/#\/schema\/logo\/image\/"}}]}},"_links":{"self":[{"href":"https:\/\/progressogabinet.com\/index.php?rest_route=\/wp\/v2\/pages\/24143","targetHints":{"allow":["GET"]}}],"collection":[{"href":"https:\/\/progressogabinet.com\/index.php?rest_route=\/wp\/v2\/pages"}],"about":[{"href":"https:\/\/progressogabinet.com\/index.php?rest_route=\/wp\/v2\/types\/page"}],"author":[{"embeddable":true,"href":"https:\/\/progressogabinet.com\/index.php?rest_route=\/wp\/v2\/users\/1"}],"replies":[{"embeddable":true,"href":"https:\/\/progressogabinet.com\/index.php?rest_route=%2Fwp%2Fv2%2Fcomments&post=24143"}],"version-history":[{"count":9,"href":"https:\/\/progressogabinet.com\/index.php?rest_route=\/wp\/v2\/pages\/24143\/revisions"}],"predecessor-version":[{"id":28869,"href":"https:\/\/progressogabinet.com\/index.php?rest_route=\/wp\/v2\/pages\/24143\/revisions\/28869"}],"wp:attachment":[{"href":"https:\/\/progressogabinet.com\/index.php?rest_route=%2Fwp%2Fv2%2Fmedia&parent=24143"}],"curies":[{"name":"wp","href":"https:\/\/api.w.org\/{rel}","templated":true}]}}