{"id":24212,"date":"2023-01-08T23:45:15","date_gmt":"2023-01-08T23:45:15","guid":{"rendered":"https:\/\/testystronadlakazdego.pl\/?page_id=9764"},"modified":"2024-09-24T12:01:02","modified_gmt":"2024-09-24T10:01:02","slug":"o-mnie-2","status":"publish","type":"page","link":"https:\/\/progressogabinet.com\/?page_id=24212","title":{"rendered":"O MNIE"},"content":{"rendered":"\t\t<div data-elementor-type=\"wp-page\" data-elementor-id=\"24212\" class=\"elementor elementor-24212\" data-elementor-post-type=\"page\">\n\t\t\t\t\t\t<section class=\"elementor-section elementor-top-section elementor-element elementor-element-106c4a75 elementor-section-full_width elementor-section-height-default elementor-section-height-default\" data-id=\"106c4a75\" data-element_type=\"section\" data-e-type=\"section\" data-settings=\"{&quot;background_background&quot;:&quot;classic&quot;}\">\n\t\t\t\t\t\t<div class=\"elementor-container elementor-column-gap-default\">\n\t\t\t\t\t<div class=\"elementor-column elementor-col-100 elementor-top-column elementor-element elementor-element-4dff838b\" data-id=\"4dff838b\" data-element_type=\"column\" data-e-type=\"column\" data-settings=\"{&quot;background_background&quot;:&quot;classic&quot;}\">\n\t\t\t<div class=\"elementor-widget-wrap elementor-element-populated\">\n\t\t\t\t\t\t<section class=\"elementor-section elementor-inner-section elementor-element elementor-element-69a6e074 elementor-section-boxed elementor-section-height-default elementor-section-height-default\" data-id=\"69a6e074\" data-element_type=\"section\" data-e-type=\"section\" data-settings=\"{&quot;background_background&quot;:&quot;classic&quot;}\">\n\t\t\t\t\t\t<div class=\"elementor-container elementor-column-gap-default\">\n\t\t\t\t\t<div class=\"elementor-column elementor-col-50 elementor-inner-column elementor-element elementor-element-101fea17\" data-id=\"101fea17\" data-element_type=\"column\" data-e-type=\"column\" data-settings=\"{&quot;background_background&quot;:&quot;classic&quot;}\">\n\t\t\t<div class=\"elementor-widget-wrap elementor-element-populated\">\n\t\t\t\t\t\t<div class=\"elementor-element elementor-element-13413a76 elementor-widget__width-inherit elementor-hidden-desktop elementor-hidden-laptop elementor-hidden-widescreen elementor-widget-tablet_extra__width-inherit elementor-widget elementor-widget-image\" data-id=\"13413a76\" data-element_type=\"widget\" data-e-type=\"widget\" data-widget_type=\"image.default\">\n\t\t\t\t<div class=\"elementor-widget-container\">\n\t\t\t\t\t\t\t\t\t\t\t\t\t\t\t<img fetchpriority=\"high\" decoding=\"async\" width=\"344\" height=\"445\" src=\"https:\/\/progressogabinet.com\/wp-content\/uploads\/2023\/11\/o-mnie1-1.jpg\" class=\"attachment-full size-full wp-image-25673\" alt=\"\" srcset=\"https:\/\/progressogabinet.com\/wp-content\/uploads\/2023\/11\/o-mnie1-1.jpg 344w, https:\/\/progressogabinet.com\/wp-content\/uploads\/2023\/11\/o-mnie1-1-232x300.jpg 232w\" sizes=\"(max-width: 344px) 100vw, 344px\" \/>\t\t\t\t\t\t\t\t\t\t\t\t\t\t\t<\/div>\n\t\t\t\t<\/div>\n\t\t\t\t<div class=\"elementor-element elementor-element-38a386a8 elementor-invisible elementor-widget elementor-widget-heading\" data-id=\"38a386a8\" data-element_type=\"widget\" data-e-type=\"widget\" data-settings=\"{&quot;_animation&quot;:&quot;fadeInDown&quot;,&quot;_animation_delay&quot;:100}\" data-widget_type=\"heading.default\">\n\t\t\t\t<div class=\"elementor-widget-container\">\n\t\t\t\t\t<h2 class=\"elementor-heading-title elementor-size-default\">O mnie<\/h2>\t\t\t\t<\/div>\n\t\t\t\t<\/div>\n\t\t\t\t<div class=\"elementor-element elementor-element-5b386651 elementor-invisible elementor-widget elementor-widget-text-editor\" data-id=\"5b386651\" data-element_type=\"widget\" data-e-type=\"widget\" data-settings=\"{&quot;_animation&quot;:&quot;fadeInUp&quot;,&quot;_animation_delay&quot;:100}\" data-widget_type=\"text-editor.default\">\n\t\t\t\t<div class=\"elementor-widget-container\">\n\t\t\t\t\t\t\t\t\t<p>Wa\u017cny dla mnie aspekt rozwoju osobistego pozwala mi wspiera\u0107 klient\u00f3w w realizowaniu ich indywidualnych d\u0105\u017ce\u0144 aby poprawiali jako\u015b\u0107 swojego \u017cycia i pokonywali trudno\u015bci, jakich do\u015bwiadczaj\u0105 na co dzie\u0144.<br \/><br \/>Szczeg\u00f3lnie bliski jest mi obszar pracy zwi\u0105zany z popraw\u0105 i budow\u0105 dobrych relacji, pokonywaniem l\u0119k\u00f3w utrudniaj\u0105cych odczuwanie rado\u015bci, w oparciu o poszerzanie wiedzy klienta o sobie samym. Daje to si\u0142\u0119 i odwag\u0119 do \u015bwiadomego dzia\u0142ania na rzecz realizacji osobistych pragnie\u0144 i cel\u00f3w oraz nadaje swemu \u017cyciu poczucie sensu, spe\u0142nienia i satysfakcji.<br \/><br \/><em>Wierz\u0119, \u017ce cho\u0107 jako ludzie mamy wiele podobnych potrzeb, ka\u017cdy z nas ma inn\u0105 drog\u0119 do ich realizacji i inaczej mo\u017ce rozumie\u0107 swoje pragnienia. Ludzie pi\u0119knie si\u0119 r\u00f3\u017cni\u0105 poprzez indywidualn\u0105 kombinacj\u0119 osobistych \u00a0do\u015bwiadcze\u0144, typ\u00f3w osobowo\u015bci, temperamentu, r\u00f3\u017cnych wzorc\u00f3w reakcji w \u00a0trudnych sytuacjach a tak\u017ce maj\u0105 r\u00f3\u017cne \u017ar\u00f3d\u0142a motywacji do dzia\u0142ania. <\/em><br \/><br \/><em>Warto zatem rozpozna\u0107 w\u0142asn\u0105 map\u0119 umiej\u0119tno\u015bci, talent\u00f3w, zasob\u00f3w, sk\u0142adaj\u0105c\u0105 si\u0119 na pozytywn\u0105 si\u0142\u0119 nap\u0119dow\u0105 naszego \u017cycia &#8211; to pozwoli skutecznie ukierunkowa\u0107 dzia\u0142ania i pokonywa\u0107 bie\u017c\u0105ce przeszkody na drodze do samorealizacji. Kiedy mo\u017cemy podejmowa\u0107 w naszym \u017cyciu dzia\u0142ania przybli\u017caj\u0105ce nas do w\u0142asnych pragnie\u0144, mamy mo\u017cliwo\u015b\u0107 sterowania w\u0142asnym \u017cyciem w spos\u00f3b \u015bwiadomy i\u00a0 w poczuciu w\u0142asnej warto\u015bci.<\/em><\/p>\t\t\t\t\t\t\t\t<\/div>\n\t\t\t\t<\/div>\n\t\t\t\t\t<\/div>\n\t\t<\/div>\n\t\t\t\t<div class=\"elementor-column elementor-col-50 elementor-inner-column elementor-element elementor-element-69b65829 elementor-hidden-tablet elementor-hidden-mobile elementor-hidden-tablet_extra\" data-id=\"69b65829\" data-element_type=\"column\" data-e-type=\"column\" data-settings=\"{&quot;background_background&quot;:&quot;classic&quot;}\">\n\t\t\t<div class=\"elementor-widget-wrap elementor-element-populated\">\n\t\t\t\t\t\t<div class=\"elementor-element elementor-element-1cb93984 elementor-hidden-mobile elementor-hidden-tablet elementor-hidden-tablet_extra elementor-hidden-mobile_extra elementor-hidden-laptop elementor-invisible elementor-widget elementor-widget-image\" data-id=\"1cb93984\" data-element_type=\"widget\" data-e-type=\"widget\" data-settings=\"{&quot;_animation&quot;:&quot;fadeInDown&quot;}\" data-widget_type=\"image.default\">\n\t\t\t\t<div class=\"elementor-widget-container\">\n\t\t\t\t\t\t\t\t\t\t\t\t\t\t\t<img decoding=\"async\" width=\"536\" height=\"695\" src=\"https:\/\/progressogabinet.com\/wp-content\/uploads\/2023\/10\/o-mnie.jpg\" class=\"attachment-full size-full wp-image-21730\" alt=\"\" srcset=\"https:\/\/progressogabinet.com\/wp-content\/uploads\/2023\/10\/o-mnie.jpg 536w, https:\/\/progressogabinet.com\/wp-content\/uploads\/2023\/10\/o-mnie-231x300.jpg 231w\" sizes=\"(max-width: 536px) 100vw, 536px\" \/>\t\t\t\t\t\t\t\t\t\t\t\t\t\t\t<\/div>\n\t\t\t\t<\/div>\n\t\t\t\t<div class=\"elementor-element elementor-element-68e6b9b8 elementor-hidden-mobile elementor-hidden-tablet elementor-hidden-tablet_extra elementor-hidden-mobile_extra elementor-hidden-widescreen elementor-hidden-desktop elementor-invisible elementor-widget elementor-widget-image\" data-id=\"68e6b9b8\" data-element_type=\"widget\" data-e-type=\"widget\" data-settings=\"{&quot;_animation&quot;:&quot;fadeInDown&quot;}\" data-widget_type=\"image.default\">\n\t\t\t\t<div class=\"elementor-widget-container\">\n\t\t\t\t\t\t\t\t\t\t\t\t\t\t\t<img decoding=\"async\" width=\"536\" height=\"695\" src=\"https:\/\/progressogabinet.com\/wp-content\/uploads\/2023\/10\/o-mnie.jpg\" class=\"attachment-full size-full wp-image-21730\" alt=\"\" srcset=\"https:\/\/progressogabinet.com\/wp-content\/uploads\/2023\/10\/o-mnie.jpg 536w, https:\/\/progressogabinet.com\/wp-content\/uploads\/2023\/10\/o-mnie-231x300.jpg 231w\" sizes=\"(max-width: 536px) 100vw, 536px\" \/>\t\t\t\t\t\t\t\t\t\t\t\t\t\t\t<\/div>\n\t\t\t\t<\/div>\n\t\t\t\t\t<\/div>\n\t\t<\/div>\n\t\t\t\t\t<\/div>\n\t\t<\/section>\n\t\t\t\t\t<\/div>\n\t\t<\/div>\n\t\t\t\t\t<\/div>\n\t\t<\/section>\n\t\t\t\t<\/div>\n\t\t","protected":false},"excerpt":{"rendered":"<p>O mnie Wa\u017cny dla mnie aspekt rozwoju osobistego pozwala mi wspiera\u0107 klient\u00f3w w realizowaniu ich indywidualnych d\u0105\u017ce\u0144 aby poprawiali jako\u015b\u0107 [&hellip;]<\/p>\n","protected":false},"author":1,"featured_media":0,"parent":0,"menu_order":0,"comment_status":"closed","ping_status":"closed","template":"","meta":{"inline_featured_image":false,"site-sidebar-layout":"no-sidebar","site-content-layout":"page-builder","ast-site-content-layout":"default","site-content-style":"default","site-sidebar-style":"default","ast-global-header-display":"","ast-banner-title-visibility":"","ast-main-header-display":"","ast-hfb-above-header-display":"","ast-hfb-below-header-display":"","ast-hfb-mobile-header-display":"","site-post-title":"disabled","ast-breadcrumbs-content":"","ast-featured-img":"disabled","footer-sml-layout":"","ast-disable-related-posts":"","theme-transparent-header-meta":"","adv-header-id-meta":"","stick-header-meta":"","header-above-stick-meta":"","header-main-stick-meta":"","header-below-stick-meta":"","astra-migrate-meta-layouts":"default","ast-page-background-enabled":"default","ast-page-background-meta":{"desktop":{"background-color":"var(--ast-global-color-4)","background-image":"","background-repeat":"repeat","background-position":"center center","background-size":"auto","background-attachment":"scroll","background-type":"","background-media":"","overlay-type":"","overlay-color":"","overlay-opacity":"","overlay-gradient":""},"tablet":{"background-color":"","background-image":"","background-repeat":"repeat","background-position":"center center","background-size":"auto","background-attachment":"scroll","background-type":"","background-media":"","overlay-type":"","overlay-color":"","overlay-opacity":"","overlay-gradient":""},"mobile":{"background-color":"","background-image":"","background-repeat":"repeat","background-position":"center center","background-size":"auto","background-attachment":"scroll","background-type":"","background-media":"","overlay-type":"","overlay-color":"","overlay-opacity":"","overlay-gradient":""}},"ast-content-background-meta":{"desktop":{"background-color":"var(--ast-global-color-5)","background-image":"","background-repeat":"repeat","background-position":"center center","background-size":"auto","background-attachment":"scroll","background-type":"","background-media":"","overlay-type":"","overlay-color":"","overlay-opacity":"","overlay-gradient":""},"tablet":{"background-color":"var(--ast-global-color-5)","background-image":"","background-repeat":"repeat","background-position":"center center","background-size":"auto","background-attachment":"scroll","background-type":"","background-media":"","overlay-type":"","overlay-color":"","overlay-opacity":"","overlay-gradient":""},"mobile":{"background-color":"var(--ast-global-color-5)","background-image":"","background-repeat":"repeat","background-position":"center center","background-size":"auto","background-attachment":"scroll","background-type":"","background-media":"","overlay-type":"","overlay-color":"","overlay-opacity":"","overlay-gradient":""}},"footnotes":""},"class_list":["post-24212","page","type-page","status-publish","hentry"],"yoast_head":"<!-- This site is optimized with the Yoast SEO plugin v27.3 - https:\/\/yoast.com\/product\/yoast-seo-wordpress\/ -->\n<title>O MNIE - PROGRESSO Anna R\u00f3\u017ca\u0144ska<\/title>\n<meta name=\"description\" content=\"Strona internetowa Anna R\u00f3\u017ca\u0144ska Psycholog dzia\u0142aj\u0105cy w Poznaniu i nie tylko. Zach\u0119cam do skorzystania z mojej oferty.\" \/>\n<meta name=\"robots\" content=\"index, follow, max-snippet:-1, max-image-preview:large, max-video-preview:-1\" \/>\n<link rel=\"canonical\" href=\"https:\/\/progressogabinet.com\/?page_id=24212\" \/>\n<meta property=\"og:locale\" content=\"en_US\" \/>\n<meta property=\"og:type\" content=\"article\" \/>\n<meta property=\"og:title\" content=\"O MNIE - PROGRESSO Anna R\u00f3\u017ca\u0144ska\" \/>\n<meta property=\"og:description\" content=\"Strona internetowa Anna R\u00f3\u017ca\u0144ska Psycholog dzia\u0142aj\u0105cy w Poznaniu i nie tylko. Zach\u0119cam do skorzystania z mojej oferty.\" \/>\n<meta property=\"og:url\" content=\"https:\/\/progressogabinet.com\/?page_id=24212\" \/>\n<meta property=\"og:site_name\" content=\"PROGRESSO Anna R\u00f3\u017ca\u0144ska\" \/>\n<meta property=\"article:modified_time\" content=\"2024-09-24T10:01:02+00:00\" \/>\n<meta property=\"og:image\" content=\"https:\/\/progressogabinet.com\/wp-content\/uploads\/2023\/11\/o-mnie1-1.jpg\" \/>\n<meta name=\"twitter:card\" content=\"summary_large_image\" \/>\n<meta name=\"twitter:label1\" content=\"Est. reading time\" \/>\n\t<meta name=\"twitter:data1\" content=\"2 minutes\" \/>\n<script type=\"application\/ld+json\" class=\"yoast-schema-graph\">{\"@context\":\"https:\\\/\\\/schema.org\",\"@graph\":[{\"@type\":\"WebPage\",\"@id\":\"https:\\\/\\\/progressogabinet.com\\\/?page_id=24212\",\"url\":\"https:\\\/\\\/progressogabinet.com\\\/?page_id=24212\",\"name\":\"O MNIE - PROGRESSO Anna R\u00f3\u017ca\u0144ska\",\"isPartOf\":{\"@id\":\"https:\\\/\\\/progressogabinet.com\\\/#website\"},\"primaryImageOfPage\":{\"@id\":\"https:\\\/\\\/progressogabinet.com\\\/?page_id=24212#primaryimage\"},\"image\":{\"@id\":\"https:\\\/\\\/progressogabinet.com\\\/?page_id=24212#primaryimage\"},\"thumbnailUrl\":\"https:\\\/\\\/progressogabinet.com\\\/wp-content\\\/uploads\\\/2023\\\/11\\\/o-mnie1-1.jpg\",\"datePublished\":\"2023-01-08T23:45:15+00:00\",\"dateModified\":\"2024-09-24T10:01:02+00:00\",\"description\":\"Strona internetowa Anna R\u00f3\u017ca\u0144ska Psycholog dzia\u0142aj\u0105cy w Poznaniu i nie tylko. Zach\u0119cam do skorzystania z mojej oferty.\",\"breadcrumb\":{\"@id\":\"https:\\\/\\\/progressogabinet.com\\\/?page_id=24212#breadcrumb\"},\"inLanguage\":\"en-US\",\"potentialAction\":[{\"@type\":\"ReadAction\",\"target\":[\"https:\\\/\\\/progressogabinet.com\\\/?page_id=24212\"]}]},{\"@type\":\"ImageObject\",\"inLanguage\":\"en-US\",\"@id\":\"https:\\\/\\\/progressogabinet.com\\\/?page_id=24212#primaryimage\",\"url\":\"https:\\\/\\\/progressogabinet.com\\\/wp-content\\\/uploads\\\/2023\\\/11\\\/o-mnie1-1.jpg\",\"contentUrl\":\"https:\\\/\\\/progressogabinet.com\\\/wp-content\\\/uploads\\\/2023\\\/11\\\/o-mnie1-1.jpg\",\"width\":344,\"height\":445},{\"@type\":\"BreadcrumbList\",\"@id\":\"https:\\\/\\\/progressogabinet.com\\\/?page_id=24212#breadcrumb\",\"itemListElement\":[{\"@type\":\"ListItem\",\"position\":1,\"name\":\"Home\",\"item\":\"https:\\\/\\\/progressogabinet.com\\\/\"},{\"@type\":\"ListItem\",\"position\":2,\"name\":\"O MNIE\"}]},{\"@type\":\"WebSite\",\"@id\":\"https:\\\/\\\/progressogabinet.com\\\/#website\",\"url\":\"https:\\\/\\\/progressogabinet.com\\\/\",\"name\":\"PROGRESSO Anna R\u00f3\u017ca\u0144ska\",\"description\":\"Gabinet wsparcia I rozwoju\",\"publisher\":{\"@id\":\"https:\\\/\\\/progressogabinet.com\\\/#organization\"},\"potentialAction\":[{\"@type\":\"SearchAction\",\"target\":{\"@type\":\"EntryPoint\",\"urlTemplate\":\"https:\\\/\\\/progressogabinet.com\\\/?s={search_term_string}\"},\"query-input\":{\"@type\":\"PropertyValueSpecification\",\"valueRequired\":true,\"valueName\":\"search_term_string\"}}],\"inLanguage\":\"en-US\"},{\"@type\":\"Organization\",\"@id\":\"https:\\\/\\\/progressogabinet.com\\\/#organization\",\"name\":\"PROGRESSO Anna R\u00f3\u017ca\u0144ska\",\"url\":\"https:\\\/\\\/progressogabinet.com\\\/\",\"logo\":{\"@type\":\"ImageObject\",\"inLanguage\":\"en-US\",\"@id\":\"https:\\\/\\\/progressogabinet.com\\\/#\\\/schema\\\/logo\\\/image\\\/\",\"url\":\"https:\\\/\\\/progressogabinet.com\\\/wp-content\\\/uploads\\\/2023\\\/10\\\/393143754_2130615260607702_8919032236120038691_n.png\",\"contentUrl\":\"https:\\\/\\\/progressogabinet.com\\\/wp-content\\\/uploads\\\/2023\\\/10\\\/393143754_2130615260607702_8919032236120038691_n.png\",\"width\":2053,\"height\":501,\"caption\":\"PROGRESSO Anna R\u00f3\u017ca\u0144ska\"},\"image\":{\"@id\":\"https:\\\/\\\/progressogabinet.com\\\/#\\\/schema\\\/logo\\\/image\\\/\"}}]}<\/script>\n<!-- \/ Yoast SEO plugin. -->","yoast_head_json":{"title":"O MNIE - PROGRESSO Anna R\u00f3\u017ca\u0144ska","description":"Strona internetowa Anna R\u00f3\u017ca\u0144ska Psycholog dzia\u0142aj\u0105cy w Poznaniu i nie tylko. Zach\u0119cam do skorzystania z mojej oferty.","robots":{"index":"index","follow":"follow","max-snippet":"max-snippet:-1","max-image-preview":"max-image-preview:large","max-video-preview":"max-video-preview:-1"},"canonical":"https:\/\/progressogabinet.com\/?page_id=24212","og_locale":"en_US","og_type":"article","og_title":"O MNIE - PROGRESSO Anna R\u00f3\u017ca\u0144ska","og_description":"Strona internetowa Anna R\u00f3\u017ca\u0144ska Psycholog dzia\u0142aj\u0105cy w Poznaniu i nie tylko. Zach\u0119cam do skorzystania z mojej oferty.","og_url":"https:\/\/progressogabinet.com\/?page_id=24212","og_site_name":"PROGRESSO Anna R\u00f3\u017ca\u0144ska","article_modified_time":"2024-09-24T10:01:02+00:00","og_image":[{"url":"https:\/\/progressogabinet.com\/wp-content\/uploads\/2023\/11\/o-mnie1-1.jpg","type":"","width":"","height":""}],"twitter_card":"summary_large_image","twitter_misc":{"Est. reading time":"2 minutes"},"schema":{"@context":"https:\/\/schema.org","@graph":[{"@type":"WebPage","@id":"https:\/\/progressogabinet.com\/?page_id=24212","url":"https:\/\/progressogabinet.com\/?page_id=24212","name":"O MNIE - PROGRESSO Anna R\u00f3\u017ca\u0144ska","isPartOf":{"@id":"https:\/\/progressogabinet.com\/#website"},"primaryImageOfPage":{"@id":"https:\/\/progressogabinet.com\/?page_id=24212#primaryimage"},"image":{"@id":"https:\/\/progressogabinet.com\/?page_id=24212#primaryimage"},"thumbnailUrl":"https:\/\/progressogabinet.com\/wp-content\/uploads\/2023\/11\/o-mnie1-1.jpg","datePublished":"2023-01-08T23:45:15+00:00","dateModified":"2024-09-24T10:01:02+00:00","description":"Strona internetowa Anna R\u00f3\u017ca\u0144ska Psycholog dzia\u0142aj\u0105cy w Poznaniu i nie tylko. Zach\u0119cam do skorzystania z mojej oferty.","breadcrumb":{"@id":"https:\/\/progressogabinet.com\/?page_id=24212#breadcrumb"},"inLanguage":"en-US","potentialAction":[{"@type":"ReadAction","target":["https:\/\/progressogabinet.com\/?page_id=24212"]}]},{"@type":"ImageObject","inLanguage":"en-US","@id":"https:\/\/progressogabinet.com\/?page_id=24212#primaryimage","url":"https:\/\/progressogabinet.com\/wp-content\/uploads\/2023\/11\/o-mnie1-1.jpg","contentUrl":"https:\/\/progressogabinet.com\/wp-content\/uploads\/2023\/11\/o-mnie1-1.jpg","width":344,"height":445},{"@type":"BreadcrumbList","@id":"https:\/\/progressogabinet.com\/?page_id=24212#breadcrumb","itemListElement":[{"@type":"ListItem","position":1,"name":"Home","item":"https:\/\/progressogabinet.com\/"},{"@type":"ListItem","position":2,"name":"O MNIE"}]},{"@type":"WebSite","@id":"https:\/\/progressogabinet.com\/#website","url":"https:\/\/progressogabinet.com\/","name":"PROGRESSO Anna R\u00f3\u017ca\u0144ska","description":"Gabinet wsparcia I rozwoju","publisher":{"@id":"https:\/\/progressogabinet.com\/#organization"},"potentialAction":[{"@type":"SearchAction","target":{"@type":"EntryPoint","urlTemplate":"https:\/\/progressogabinet.com\/?s={search_term_string}"},"query-input":{"@type":"PropertyValueSpecification","valueRequired":true,"valueName":"search_term_string"}}],"inLanguage":"en-US"},{"@type":"Organization","@id":"https:\/\/progressogabinet.com\/#organization","name":"PROGRESSO Anna R\u00f3\u017ca\u0144ska","url":"https:\/\/progressogabinet.com\/","logo":{"@type":"ImageObject","inLanguage":"en-US","@id":"https:\/\/progressogabinet.com\/#\/schema\/logo\/image\/","url":"https:\/\/progressogabinet.com\/wp-content\/uploads\/2023\/10\/393143754_2130615260607702_8919032236120038691_n.png","contentUrl":"https:\/\/progressogabinet.com\/wp-content\/uploads\/2023\/10\/393143754_2130615260607702_8919032236120038691_n.png","width":2053,"height":501,"caption":"PROGRESSO Anna R\u00f3\u017ca\u0144ska"},"image":{"@id":"https:\/\/progressogabinet.com\/#\/schema\/logo\/image\/"}}]}},"_links":{"self":[{"href":"https:\/\/progressogabinet.com\/index.php?rest_route=\/wp\/v2\/pages\/24212","targetHints":{"allow":["GET"]}}],"collection":[{"href":"https:\/\/progressogabinet.com\/index.php?rest_route=\/wp\/v2\/pages"}],"about":[{"href":"https:\/\/progressogabinet.com\/index.php?rest_route=\/wp\/v2\/types\/page"}],"author":[{"embeddable":true,"href":"https:\/\/progressogabinet.com\/index.php?rest_route=\/wp\/v2\/users\/1"}],"replies":[{"embeddable":true,"href":"https:\/\/progressogabinet.com\/index.php?rest_route=%2Fwp%2Fv2%2Fcomments&post=24212"}],"version-history":[{"count":39,"href":"https:\/\/progressogabinet.com\/index.php?rest_route=\/wp\/v2\/pages\/24212\/revisions"}],"predecessor-version":[{"id":28857,"href":"https:\/\/progressogabinet.com\/index.php?rest_route=\/wp\/v2\/pages\/24212\/revisions\/28857"}],"wp:attachment":[{"href":"https:\/\/progressogabinet.com\/index.php?rest_route=%2Fwp%2Fv2%2Fmedia&parent=24212"}],"curies":[{"name":"wp","href":"https:\/\/api.w.org\/{rel}","templated":true}]}}