{"id":24640,"date":"2023-11-06T00:58:58","date_gmt":"2023-11-06T00:58:58","guid":{"rendered":"https:\/\/www.teststronadlakazdego.pl\/?page_id=24640"},"modified":"2024-09-22T23:50:11","modified_gmt":"2024-09-22T21:50:11","slug":"kontakt","status":"publish","type":"page","link":"https:\/\/progressogabinet.com\/?page_id=24640","title":{"rendered":"Kontakt"},"content":{"rendered":"\t\t<div data-elementor-type=\"wp-page\" data-elementor-id=\"24640\" class=\"elementor elementor-24640\" data-elementor-post-type=\"page\">\n\t\t\t\t\t\t<section class=\"elementor-section elementor-top-section elementor-element elementor-element-e1e85c3 elementor-section-boxed elementor-section-height-default elementor-section-height-default\" data-id=\"e1e85c3\" data-element_type=\"section\" data-e-type=\"section\" data-settings=\"{&quot;background_background&quot;:&quot;classic&quot;}\">\n\t\t\t\t\t\t<div class=\"elementor-container elementor-column-gap-default\">\n\t\t\t\t\t<div class=\"elementor-column elementor-col-100 elementor-top-column elementor-element elementor-element-4fa88fa\" data-id=\"4fa88fa\" data-element_type=\"column\" data-e-type=\"column\" data-settings=\"{&quot;background_background&quot;:&quot;classic&quot;}\">\n\t\t\t<div class=\"elementor-widget-wrap elementor-element-populated\">\n\t\t\t\t\t\t<section class=\"elementor-section elementor-inner-section elementor-element elementor-element-c0a0f5a elementor-section-boxed elementor-section-height-default elementor-section-height-default\" data-id=\"c0a0f5a\" data-element_type=\"section\" data-e-type=\"section\" data-settings=\"{&quot;background_background&quot;:&quot;classic&quot;}\">\n\t\t\t\t\t\t<div class=\"elementor-container elementor-column-gap-default\">\n\t\t\t\t\t<div class=\"elementor-column elementor-col-100 elementor-inner-column elementor-element elementor-element-ca43809\" data-id=\"ca43809\" data-element_type=\"column\" data-e-type=\"column\">\n\t\t\t<div class=\"elementor-widget-wrap elementor-element-populated\">\n\t\t\t\t\t\t<div class=\"elementor-element elementor-element-8bbeea3 elementor-widget elementor-widget-heading\" data-id=\"8bbeea3\" data-element_type=\"widget\" data-e-type=\"widget\" data-widget_type=\"heading.default\">\n\t\t\t\t<div class=\"elementor-widget-container\">\n\t\t\t\t\t<h2 class=\"elementor-heading-title elementor-size-default\">KONTAKT<\/h2>\t\t\t\t<\/div>\n\t\t\t\t<\/div>\n\t\t\t\t<div class=\"elementor-element elementor-element-94b4dfc elementor-widget elementor-widget-heading\" data-id=\"94b4dfc\" data-element_type=\"widget\" data-e-type=\"widget\" data-widget_type=\"heading.default\">\n\t\t\t\t<div class=\"elementor-widget-container\">\n\t\t\t\t\t<h2 class=\"elementor-heading-title elementor-size-default\"><a href=\"sms:534\u00a0371\u00a0137\">Prosz\u0119 o sms na nr  <strong> 534\u00a0371\u00a0137<\/a><\/h2>\t\t\t\t<\/div>\n\t\t\t\t<\/div>\n\t\t\t\t<div class=\"elementor-element elementor-element-2f6adda elementor-widget elementor-widget-text-editor\" data-id=\"2f6adda\" data-element_type=\"widget\" data-e-type=\"widget\" data-widget_type=\"text-editor.default\">\n\t\t\t\t<div class=\"elementor-widget-container\">\n\t\t\t\t\t\t\t\t\t<p>Z uwagi na charakter pracy przez wi\u0119kszo\u015b\u0107 dnia mam wy\u0142\u0105czony telefon,<\/p><p>dlatego \u0142atwiej mi oddzwoni\u0107 ni\u017c odebra\u0107 telefon \u2013 dzi\u0119kuj\u0119 za zrozumienie!<\/p>\t\t\t\t\t\t\t\t<\/div>\n\t\t\t\t<\/div>\n\t\t\t\t<div class=\"elementor-element elementor-element-d54ef50 elementor-widget elementor-widget-heading\" data-id=\"d54ef50\" data-element_type=\"widget\" data-e-type=\"widget\" data-widget_type=\"heading.default\">\n\t\t\t\t<div class=\"elementor-widget-container\">\n\t\t\t\t\t<h2 class=\"elementor-heading-title elementor-size-default\"><a href=\"mailto:progressogabinet@gmail.com\">Mail: progressogabinet@gmail.com<\/a><\/h2>\t\t\t\t<\/div>\n\t\t\t\t<\/div>\n\t\t\t\t<div class=\"elementor-element elementor-element-34c67ae elementor-widget elementor-widget-text-editor\" data-id=\"34c67ae\" data-element_type=\"widget\" data-e-type=\"widget\" data-widget_type=\"text-editor.default\">\n\t\t\t\t<div class=\"elementor-widget-container\">\n\t\t\t\t\t\t\t\t\t<p>Gabinet &#8211; POZNA\u0143 (GRUNWALD)<\/p>\t\t\t\t\t\t\t\t<\/div>\n\t\t\t\t<\/div>\n\t\t\t\t\t<\/div>\n\t\t<\/div>\n\t\t\t\t\t<\/div>\n\t\t<\/section>\n\t\t\t\t\t<\/div>\n\t\t<\/div>\n\t\t\t\t\t<\/div>\n\t\t<\/section>\n\t\t\t\t<section class=\"elementor-section elementor-top-section elementor-element elementor-element-bbdf9b2 elementor-hidden-widescreen elementor-hidden-desktop elementor-hidden-laptop elementor-hidden-tablet_extra elementor-hidden-tablet elementor-hidden-mobile_extra elementor-hidden-mobile elementor-section-boxed elementor-section-height-default elementor-section-height-default\" data-id=\"bbdf9b2\" data-element_type=\"section\" data-e-type=\"section\" data-settings=\"{&quot;background_background&quot;:&quot;classic&quot;}\">\n\t\t\t\t\t\t<div class=\"elementor-container elementor-column-gap-default\">\n\t\t\t\t\t<div class=\"elementor-column elementor-col-100 elementor-top-column elementor-element elementor-element-ab4bfaa\" data-id=\"ab4bfaa\" data-element_type=\"column\" data-e-type=\"column\">\n\t\t\t<div class=\"elementor-widget-wrap elementor-element-populated\">\n\t\t\t\t\t\t<div class=\"elementor-element elementor-element-10ad43f elementor-widget__width-inherit elementor-widget-mobile__width-initial elementor-widget elementor-widget-google_maps\" data-id=\"10ad43f\" data-element_type=\"widget\" data-e-type=\"widget\" data-widget_type=\"google_maps.default\">\n\t\t\t\t<div class=\"elementor-widget-container\">\n\t\t\t\t\t\t\t<div class=\"elementor-custom-embed\">\n\t\t\t<iframe loading=\"lazy\"\n\t\t\t\t\tsrc=\"https:\/\/maps.google.com\/maps?q=pozna%C5%84%20bu%C5%82garska%203&#038;t=m&#038;z=15&#038;output=embed&#038;iwloc=near\"\n\t\t\t\t\ttitle=\"pozna\u0144 bu\u0142garska 3\"\n\t\t\t\t\taria-label=\"pozna\u0144 bu\u0142garska 3\"\n\t\t\t><\/iframe>\n\t\t<\/div>\n\t\t\t\t\t\t<\/div>\n\t\t\t\t<\/div>\n\t\t\t\t\t<\/div>\n\t\t<\/div>\n\t\t\t\t\t<\/div>\n\t\t<\/section>\n\t\t\t\t<\/div>\n\t\t","protected":false},"excerpt":{"rendered":"<p>KONTAKT Prosz\u0119 o sms na nr 534\u00a0371\u00a0137 Z uwagi na charakter pracy przez wi\u0119kszo\u015b\u0107 dnia mam wy\u0142\u0105czony telefon, dlatego \u0142atwiej [&hellip;]<\/p>\n","protected":false},"author":1,"featured_media":0,"parent":0,"menu_order":0,"comment_status":"closed","ping_status":"closed","template":"","meta":{"inline_featured_image":false,"site-sidebar-layout":"no-sidebar","site-content-layout":"","ast-site-content-layout":"full-width-container","site-content-style":"default","site-sidebar-style":"default","ast-global-header-display":"","ast-banner-title-visibility":"","ast-main-header-display":"","ast-hfb-above-header-display":"","ast-hfb-below-header-display":"","ast-hfb-mobile-header-display":"","site-post-title":"disabled","ast-breadcrumbs-content":"","ast-featured-img":"disabled","footer-sml-layout":"","ast-disable-related-posts":"","theme-transparent-header-meta":"","adv-header-id-meta":"","stick-header-meta":"","header-above-stick-meta":"","header-main-stick-meta":"","header-below-stick-meta":"","astra-migrate-meta-layouts":"default","ast-page-background-enabled":"default","ast-page-background-meta":{"desktop":{"background-color":"var(--ast-global-color-4)","background-image":"","background-repeat":"repeat","background-position":"center center","background-size":"auto","background-attachment":"scroll","background-type":"","background-media":"","overlay-type":"","overlay-color":"","overlay-opacity":"","overlay-gradient":""},"tablet":{"background-color":"","background-image":"","background-repeat":"repeat","background-position":"center center","background-size":"auto","background-attachment":"scroll","background-type":"","background-media":"","overlay-type":"","overlay-color":"","overlay-opacity":"","overlay-gradient":""},"mobile":{"background-color":"","background-image":"","background-repeat":"repeat","background-position":"center center","background-size":"auto","background-attachment":"scroll","background-type":"","background-media":"","overlay-type":"","overlay-color":"","overlay-opacity":"","overlay-gradient":""}},"ast-content-background-meta":{"desktop":{"background-color":"var(--ast-global-color-5)","background-image":"","background-repeat":"repeat","background-position":"center center","background-size":"auto","background-attachment":"scroll","background-type":"","background-media":"","overlay-type":"","overlay-color":"","overlay-opacity":"","overlay-gradient":""},"tablet":{"background-color":"var(--ast-global-color-5)","background-image":"","background-repeat":"repeat","background-position":"center center","background-size":"auto","background-attachment":"scroll","background-type":"","background-media":"","overlay-type":"","overlay-color":"","overlay-opacity":"","overlay-gradient":""},"mobile":{"background-color":"var(--ast-global-color-5)","background-image":"","background-repeat":"repeat","background-position":"center center","background-size":"auto","background-attachment":"scroll","background-type":"","background-media":"","overlay-type":"","overlay-color":"","overlay-opacity":"","overlay-gradient":""}},"footnotes":""},"class_list":["post-24640","page","type-page","status-publish","hentry"],"yoast_head":"<!-- This site is optimized with the Yoast SEO plugin v27.3 - https:\/\/yoast.com\/product\/yoast-seo-wordpress\/ -->\n<title>Kontakt - PROGRESSO Anna R\u00f3\u017ca\u0144ska<\/title>\n<meta name=\"description\" content=\"Strona internetowa Anna R\u00f3\u017ca\u0144ska Psycholo\u017cka dzia\u0142aj\u0105cy w Poznaniu i nie tylko. Zach\u0119cam do skorzystania z moich us\u0142ug.\" \/>\n<meta name=\"robots\" content=\"index, follow, max-snippet:-1, max-image-preview:large, max-video-preview:-1\" \/>\n<link rel=\"canonical\" href=\"https:\/\/progressogabinet.com\/?page_id=24640\" \/>\n<meta property=\"og:locale\" content=\"en_US\" \/>\n<meta property=\"og:type\" content=\"article\" \/>\n<meta property=\"og:title\" content=\"Kontakt - PROGRESSO Anna R\u00f3\u017ca\u0144ska\" \/>\n<meta property=\"og:description\" content=\"Strona internetowa Anna R\u00f3\u017ca\u0144ska Psycholo\u017cka dzia\u0142aj\u0105cy w Poznaniu i nie tylko. Zach\u0119cam do skorzystania z moich us\u0142ug.\" \/>\n<meta property=\"og:url\" content=\"https:\/\/progressogabinet.com\/?page_id=24640\" \/>\n<meta property=\"og:site_name\" content=\"PROGRESSO Anna R\u00f3\u017ca\u0144ska\" \/>\n<meta property=\"article:modified_time\" content=\"2024-09-22T21:50:11+00:00\" \/>\n<meta name=\"twitter:card\" content=\"summary_large_image\" \/>\n<meta name=\"twitter:label1\" content=\"Est. reading time\" \/>\n\t<meta name=\"twitter:data1\" content=\"1 minute\" \/>\n<script type=\"application\/ld+json\" class=\"yoast-schema-graph\">{\"@context\":\"https:\\\/\\\/schema.org\",\"@graph\":[{\"@type\":\"WebPage\",\"@id\":\"https:\\\/\\\/progressogabinet.com\\\/?page_id=24640\",\"url\":\"https:\\\/\\\/progressogabinet.com\\\/?page_id=24640\",\"name\":\"Kontakt - PROGRESSO Anna R\u00f3\u017ca\u0144ska\",\"isPartOf\":{\"@id\":\"https:\\\/\\\/progressogabinet.com\\\/#website\"},\"datePublished\":\"2023-11-06T00:58:58+00:00\",\"dateModified\":\"2024-09-22T21:50:11+00:00\",\"description\":\"Strona internetowa Anna R\u00f3\u017ca\u0144ska Psycholo\u017cka dzia\u0142aj\u0105cy w Poznaniu i nie tylko. Zach\u0119cam do skorzystania z moich us\u0142ug.\",\"breadcrumb\":{\"@id\":\"https:\\\/\\\/progressogabinet.com\\\/?page_id=24640#breadcrumb\"},\"inLanguage\":\"en-US\",\"potentialAction\":[{\"@type\":\"ReadAction\",\"target\":[\"https:\\\/\\\/progressogabinet.com\\\/?page_id=24640\"]}]},{\"@type\":\"BreadcrumbList\",\"@id\":\"https:\\\/\\\/progressogabinet.com\\\/?page_id=24640#breadcrumb\",\"itemListElement\":[{\"@type\":\"ListItem\",\"position\":1,\"name\":\"Home\",\"item\":\"https:\\\/\\\/progressogabinet.com\\\/\"},{\"@type\":\"ListItem\",\"position\":2,\"name\":\"Kontakt\"}]},{\"@type\":\"WebSite\",\"@id\":\"https:\\\/\\\/progressogabinet.com\\\/#website\",\"url\":\"https:\\\/\\\/progressogabinet.com\\\/\",\"name\":\"PROGRESSO Anna R\u00f3\u017ca\u0144ska\",\"description\":\"Gabinet wsparcia I rozwoju\",\"publisher\":{\"@id\":\"https:\\\/\\\/progressogabinet.com\\\/#organization\"},\"potentialAction\":[{\"@type\":\"SearchAction\",\"target\":{\"@type\":\"EntryPoint\",\"urlTemplate\":\"https:\\\/\\\/progressogabinet.com\\\/?s={search_term_string}\"},\"query-input\":{\"@type\":\"PropertyValueSpecification\",\"valueRequired\":true,\"valueName\":\"search_term_string\"}}],\"inLanguage\":\"en-US\"},{\"@type\":\"Organization\",\"@id\":\"https:\\\/\\\/progressogabinet.com\\\/#organization\",\"name\":\"PROGRESSO Anna R\u00f3\u017ca\u0144ska\",\"url\":\"https:\\\/\\\/progressogabinet.com\\\/\",\"logo\":{\"@type\":\"ImageObject\",\"inLanguage\":\"en-US\",\"@id\":\"https:\\\/\\\/progressogabinet.com\\\/#\\\/schema\\\/logo\\\/image\\\/\",\"url\":\"https:\\\/\\\/progressogabinet.com\\\/wp-content\\\/uploads\\\/2023\\\/10\\\/393143754_2130615260607702_8919032236120038691_n.png\",\"contentUrl\":\"https:\\\/\\\/progressogabinet.com\\\/wp-content\\\/uploads\\\/2023\\\/10\\\/393143754_2130615260607702_8919032236120038691_n.png\",\"width\":2053,\"height\":501,\"caption\":\"PROGRESSO Anna R\u00f3\u017ca\u0144ska\"},\"image\":{\"@id\":\"https:\\\/\\\/progressogabinet.com\\\/#\\\/schema\\\/logo\\\/image\\\/\"}}]}<\/script>\n<!-- \/ Yoast SEO plugin. -->","yoast_head_json":{"title":"Kontakt - PROGRESSO Anna R\u00f3\u017ca\u0144ska","description":"Strona internetowa Anna R\u00f3\u017ca\u0144ska Psycholo\u017cka dzia\u0142aj\u0105cy w Poznaniu i nie tylko. Zach\u0119cam do skorzystania z moich us\u0142ug.","robots":{"index":"index","follow":"follow","max-snippet":"max-snippet:-1","max-image-preview":"max-image-preview:large","max-video-preview":"max-video-preview:-1"},"canonical":"https:\/\/progressogabinet.com\/?page_id=24640","og_locale":"en_US","og_type":"article","og_title":"Kontakt - PROGRESSO Anna R\u00f3\u017ca\u0144ska","og_description":"Strona internetowa Anna R\u00f3\u017ca\u0144ska Psycholo\u017cka dzia\u0142aj\u0105cy w Poznaniu i nie tylko. Zach\u0119cam do skorzystania z moich us\u0142ug.","og_url":"https:\/\/progressogabinet.com\/?page_id=24640","og_site_name":"PROGRESSO Anna R\u00f3\u017ca\u0144ska","article_modified_time":"2024-09-22T21:50:11+00:00","twitter_card":"summary_large_image","twitter_misc":{"Est. reading time":"1 minute"},"schema":{"@context":"https:\/\/schema.org","@graph":[{"@type":"WebPage","@id":"https:\/\/progressogabinet.com\/?page_id=24640","url":"https:\/\/progressogabinet.com\/?page_id=24640","name":"Kontakt - PROGRESSO Anna R\u00f3\u017ca\u0144ska","isPartOf":{"@id":"https:\/\/progressogabinet.com\/#website"},"datePublished":"2023-11-06T00:58:58+00:00","dateModified":"2024-09-22T21:50:11+00:00","description":"Strona internetowa Anna R\u00f3\u017ca\u0144ska Psycholo\u017cka dzia\u0142aj\u0105cy w Poznaniu i nie tylko. Zach\u0119cam do skorzystania z moich us\u0142ug.","breadcrumb":{"@id":"https:\/\/progressogabinet.com\/?page_id=24640#breadcrumb"},"inLanguage":"en-US","potentialAction":[{"@type":"ReadAction","target":["https:\/\/progressogabinet.com\/?page_id=24640"]}]},{"@type":"BreadcrumbList","@id":"https:\/\/progressogabinet.com\/?page_id=24640#breadcrumb","itemListElement":[{"@type":"ListItem","position":1,"name":"Home","item":"https:\/\/progressogabinet.com\/"},{"@type":"ListItem","position":2,"name":"Kontakt"}]},{"@type":"WebSite","@id":"https:\/\/progressogabinet.com\/#website","url":"https:\/\/progressogabinet.com\/","name":"PROGRESSO Anna R\u00f3\u017ca\u0144ska","description":"Gabinet wsparcia I rozwoju","publisher":{"@id":"https:\/\/progressogabinet.com\/#organization"},"potentialAction":[{"@type":"SearchAction","target":{"@type":"EntryPoint","urlTemplate":"https:\/\/progressogabinet.com\/?s={search_term_string}"},"query-input":{"@type":"PropertyValueSpecification","valueRequired":true,"valueName":"search_term_string"}}],"inLanguage":"en-US"},{"@type":"Organization","@id":"https:\/\/progressogabinet.com\/#organization","name":"PROGRESSO Anna R\u00f3\u017ca\u0144ska","url":"https:\/\/progressogabinet.com\/","logo":{"@type":"ImageObject","inLanguage":"en-US","@id":"https:\/\/progressogabinet.com\/#\/schema\/logo\/image\/","url":"https:\/\/progressogabinet.com\/wp-content\/uploads\/2023\/10\/393143754_2130615260607702_8919032236120038691_n.png","contentUrl":"https:\/\/progressogabinet.com\/wp-content\/uploads\/2023\/10\/393143754_2130615260607702_8919032236120038691_n.png","width":2053,"height":501,"caption":"PROGRESSO Anna R\u00f3\u017ca\u0144ska"},"image":{"@id":"https:\/\/progressogabinet.com\/#\/schema\/logo\/image\/"}}]}},"_links":{"self":[{"href":"https:\/\/progressogabinet.com\/index.php?rest_route=\/wp\/v2\/pages\/24640","targetHints":{"allow":["GET"]}}],"collection":[{"href":"https:\/\/progressogabinet.com\/index.php?rest_route=\/wp\/v2\/pages"}],"about":[{"href":"https:\/\/progressogabinet.com\/index.php?rest_route=\/wp\/v2\/types\/page"}],"author":[{"embeddable":true,"href":"https:\/\/progressogabinet.com\/index.php?rest_route=\/wp\/v2\/users\/1"}],"replies":[{"embeddable":true,"href":"https:\/\/progressogabinet.com\/index.php?rest_route=%2Fwp%2Fv2%2Fcomments&post=24640"}],"version-history":[{"count":9,"href":"https:\/\/progressogabinet.com\/index.php?rest_route=\/wp\/v2\/pages\/24640\/revisions"}],"predecessor-version":[{"id":28776,"href":"https:\/\/progressogabinet.com\/index.php?rest_route=\/wp\/v2\/pages\/24640\/revisions\/28776"}],"wp:attachment":[{"href":"https:\/\/progressogabinet.com\/index.php?rest_route=%2Fwp%2Fv2%2Fmedia&parent=24640"}],"curies":[{"name":"wp","href":"https:\/\/api.w.org\/{rel}","templated":true}]}}