{"id":9749,"date":"2023-01-08T23:15:12","date_gmt":"2023-01-08T23:15:12","guid":{"rendered":"https:\/\/testystronadlakazdego.pl\/?page_id=9749"},"modified":"2025-03-17T22:07:10","modified_gmt":"2025-03-17T21:07:10","slug":"elementor-9749","status":"publish","type":"page","link":"https:\/\/progressogabinet.com\/","title":{"rendered":"HOME"},"content":{"rendered":"\t\t<div data-elementor-type=\"wp-page\" data-elementor-id=\"9749\" class=\"elementor elementor-9749\" data-elementor-post-type=\"page\">\n\t\t\t\t\t\t<section class=\"elementor-section elementor-top-section elementor-element elementor-element-ba474a0 elementor-section-stretched elementor-section-content-bottom elementor-section-boxed elementor-section-height-default elementor-section-height-default\" data-id=\"ba474a0\" data-element_type=\"section\" data-e-type=\"section\" data-settings=\"{&quot;stretch_section&quot;:&quot;section-stretched&quot;,&quot;background_background&quot;:&quot;classic&quot;}\">\n\t\t\t\t\t\t<div class=\"elementor-container elementor-column-gap-default\">\n\t\t\t\t\t<div class=\"elementor-column elementor-col-100 elementor-top-column elementor-element elementor-element-d4e0f85\" data-id=\"d4e0f85\" data-element_type=\"column\" data-e-type=\"column\">\n\t\t\t<div class=\"elementor-widget-wrap elementor-element-populated\">\n\t\t\t\t\t\t<div class=\"elementor-element elementor-element-6405946 elementor-widget__width-inherit elementor-hidden-mobile elementor-hidden-desktop elementor-hidden-widescreen elementor-hidden-laptop elementor-invisible elementor-widget elementor-widget-image\" data-id=\"6405946\" data-element_type=\"widget\" data-e-type=\"widget\" data-settings=\"{&quot;_animation&quot;:&quot;fadeInUp&quot;}\" data-widget_type=\"image.default\">\n\t\t\t\t<div class=\"elementor-widget-container\">\n\t\t\t\t\t\t\t\t\t\t\t\t\t\t\t<img fetchpriority=\"high\" decoding=\"async\" width=\"1702\" height=\"2560\" src=\"https:\/\/progressogabinet.com\/wp-content\/uploads\/2023\/10\/strona-glowna-scaled-1.jpg\" class=\"attachment-full size-full wp-image-21733\" alt=\"\" srcset=\"https:\/\/progressogabinet.com\/wp-content\/uploads\/2023\/10\/strona-glowna-scaled-1.jpg 1702w, https:\/\/progressogabinet.com\/wp-content\/uploads\/2023\/10\/strona-glowna-scaled-1-199x300.jpg 199w, https:\/\/progressogabinet.com\/wp-content\/uploads\/2023\/10\/strona-glowna-scaled-1-681x1024.jpg 681w, https:\/\/progressogabinet.com\/wp-content\/uploads\/2023\/10\/strona-glowna-scaled-1-768x1155.jpg 768w, https:\/\/progressogabinet.com\/wp-content\/uploads\/2023\/10\/strona-glowna-scaled-1-1021x1536.jpg 1021w, https:\/\/progressogabinet.com\/wp-content\/uploads\/2023\/10\/strona-glowna-scaled-1-1362x2048.jpg 1362w\" sizes=\"(max-width: 1702px) 100vw, 1702px\" \/>\t\t\t\t\t\t\t\t\t\t\t\t\t\t\t<\/div>\n\t\t\t\t<\/div>\n\t\t\t\t<section class=\"elementor-section elementor-inner-section elementor-element elementor-element-8b7b9d1 elementor-section-full_width elementor-section-height-default elementor-section-height-default\" data-id=\"8b7b9d1\" data-element_type=\"section\" data-e-type=\"section\" data-settings=\"{&quot;background_background&quot;:&quot;classic&quot;}\">\n\t\t\t\t\t\t<div class=\"elementor-container elementor-column-gap-default\">\n\t\t\t\t\t<div class=\"elementor-column elementor-col-33 elementor-inner-column elementor-element elementor-element-fa6b2e8\" data-id=\"fa6b2e8\" data-element_type=\"column\" data-e-type=\"column\">\n\t\t\t<div class=\"elementor-widget-wrap elementor-element-populated\">\n\t\t\t\t\t\t<div class=\"elementor-element elementor-element-b57aafa elementor-widget__width-inherit elementor-hidden-desktop elementor-hidden-tablet elementor-hidden-widescreen elementor-hidden-laptop elementor-hidden-tablet_extra elementor-hidden-mobile_extra elementor-widget elementor-widget-image\" data-id=\"b57aafa\" data-element_type=\"widget\" data-e-type=\"widget\" data-widget_type=\"image.default\">\n\t\t\t\t<div class=\"elementor-widget-container\">\n\t\t\t\t\t\t\t\t\t\t\t\t\t\t\t<img decoding=\"async\" width=\"199\" height=\"300\" src=\"https:\/\/progressogabinet.com\/wp-content\/uploads\/2023\/10\/strona-glowna-scaled-1-199x300.jpg\" class=\"attachment-medium size-medium wp-image-21733\" alt=\"\" srcset=\"https:\/\/progressogabinet.com\/wp-content\/uploads\/2023\/10\/strona-glowna-scaled-1-199x300.jpg 199w, https:\/\/progressogabinet.com\/wp-content\/uploads\/2023\/10\/strona-glowna-scaled-1-681x1024.jpg 681w, https:\/\/progressogabinet.com\/wp-content\/uploads\/2023\/10\/strona-glowna-scaled-1-768x1155.jpg 768w, https:\/\/progressogabinet.com\/wp-content\/uploads\/2023\/10\/strona-glowna-scaled-1-1021x1536.jpg 1021w, https:\/\/progressogabinet.com\/wp-content\/uploads\/2023\/10\/strona-glowna-scaled-1-1362x2048.jpg 1362w, https:\/\/progressogabinet.com\/wp-content\/uploads\/2023\/10\/strona-glowna-scaled-1.jpg 1702w\" sizes=\"(max-width: 199px) 100vw, 199px\" \/>\t\t\t\t\t\t\t\t\t\t\t\t\t\t\t<\/div>\n\t\t\t\t<\/div>\n\t\t\t\t<div class=\"elementor-element elementor-element-85ac7ab elementor-widget-mobile_extra__width-initial elementor-invisible elementor-widget elementor-widget-heading\" data-id=\"85ac7ab\" data-element_type=\"widget\" data-e-type=\"widget\" data-settings=\"{&quot;_animation&quot;:&quot;fadeInUp&quot;,&quot;_animation_delay&quot;:10}\" data-widget_type=\"heading.default\">\n\t\t\t\t<div class=\"elementor-widget-container\">\n\t\t\t\t\t<h2 class=\"elementor-heading-title elementor-size-default\"><a href=\"https:\/\/progressogabinet.com\/?page_id=24137\">Pomoc i terapia psychologiczna<\/a><\/h2>\t\t\t\t<\/div>\n\t\t\t\t<\/div>\n\t\t\t\t<div class=\"elementor-element elementor-element-08662dd elementor-invisible elementor-widget elementor-widget-heading\" data-id=\"08662dd\" data-element_type=\"widget\" data-e-type=\"widget\" data-settings=\"{&quot;_animation&quot;:&quot;fadeInUp&quot;,&quot;_animation_delay&quot;:100}\" data-widget_type=\"heading.default\">\n\t\t\t\t<div class=\"elementor-widget-container\">\n\t\t\t\t\t<h2 class=\"elementor-heading-title elementor-size-default\"><a href=\"https:\/\/progressogabinet.com\/?page_id=24137\" konsultacje=\"\">Konsultacje<\/a><\/h2>\t\t\t\t<\/div>\n\t\t\t\t<\/div>\n\t\t\t\t\t<\/div>\n\t\t<\/div>\n\t\t\t\t<div class=\"elementor-column elementor-col-33 elementor-inner-column elementor-element elementor-element-d0602f0\" data-id=\"d0602f0\" data-element_type=\"column\" data-e-type=\"column\">\n\t\t\t<div class=\"elementor-widget-wrap elementor-element-populated\">\n\t\t\t\t\t\t<div class=\"elementor-element elementor-element-1c6ee84 elementor-invisible elementor-widget elementor-widget-heading\" data-id=\"1c6ee84\" data-element_type=\"widget\" data-e-type=\"widget\" data-settings=\"{&quot;_animation&quot;:&quot;fadeInUp&quot;,&quot;_animation_delay&quot;:100}\" data-widget_type=\"heading.default\">\n\t\t\t\t<div class=\"elementor-widget-container\">\n\t\t\t\t\t<h2 class=\"elementor-heading-title elementor-size-default\"><a href=\"https:\/\/progressogabinet.com\/?page_id=24137\" rozwuj=\"\">Rozw\u00f3j intra i interpersonalny<\/a><\/h2>\t\t\t\t<\/div>\n\t\t\t\t<\/div>\n\t\t\t\t<div class=\"elementor-element elementor-element-4645ec0 elementor-invisible elementor-widget elementor-widget-heading\" data-id=\"4645ec0\" data-element_type=\"widget\" data-e-type=\"widget\" data-settings=\"{&quot;_animation&quot;:&quot;fadeInUp&quot;,&quot;_animation_delay&quot;:10,&quot;motion_fx_motion_fx_scrolling&quot;:&quot;yes&quot;,&quot;motion_fx_devices&quot;:[&quot;widescreen&quot;,&quot;desktop&quot;,&quot;laptop&quot;,&quot;tablet_extra&quot;,&quot;tablet&quot;,&quot;mobile_extra&quot;,&quot;mobile&quot;]}\" data-widget_type=\"heading.default\">\n\t\t\t\t<div class=\"elementor-widget-container\">\n\t\t\t\t\t<h2 class=\"elementor-heading-title elementor-size-default\"><a href=\"https:\/\/progressogabinet.com\/?page_id=24137\">Coaching<\/a><\/h2>\t\t\t\t<\/div>\n\t\t\t\t<\/div>\n\t\t\t\t\t<\/div>\n\t\t<\/div>\n\t\t\t\t<div class=\"elementor-column elementor-col-33 elementor-inner-column elementor-element elementor-element-6e930e1 elementor-hidden-tablet elementor-hidden-mobile elementor-hidden-tablet_extra elementor-hidden-mobile_extra\" data-id=\"6e930e1\" data-element_type=\"column\" data-e-type=\"column\">\n\t\t\t<div class=\"elementor-widget-wrap elementor-element-populated\">\n\t\t\t\t\t\t<div class=\"elementor-element elementor-element-0168bdb elementor-widget__width-inherit elementor-hidden-mobile elementor-hidden-tablet elementor-hidden-widescreen elementor-hidden-desktop elementor-hidden-tablet_extra elementor-hidden-mobile_extra elementor-widget-laptop__width-initial elementor-invisible elementor-widget elementor-widget-image\" data-id=\"0168bdb\" data-element_type=\"widget\" data-e-type=\"widget\" data-settings=\"{&quot;_animation&quot;:&quot;fadeInUp&quot;}\" data-widget_type=\"image.default\">\n\t\t\t\t<div class=\"elementor-widget-container\">\n\t\t\t\t\t\t\t\t\t\t\t\t\t\t\t<img decoding=\"async\" width=\"681\" height=\"1024\" src=\"https:\/\/progressogabinet.com\/wp-content\/uploads\/2023\/10\/strona-glowna-scaled-1-681x1024.jpg\" class=\"attachment-large size-large wp-image-21733\" alt=\"\" srcset=\"https:\/\/progressogabinet.com\/wp-content\/uploads\/2023\/10\/strona-glowna-scaled-1-681x1024.jpg 681w, https:\/\/progressogabinet.com\/wp-content\/uploads\/2023\/10\/strona-glowna-scaled-1-199x300.jpg 199w, https:\/\/progressogabinet.com\/wp-content\/uploads\/2023\/10\/strona-glowna-scaled-1-768x1155.jpg 768w, https:\/\/progressogabinet.com\/wp-content\/uploads\/2023\/10\/strona-glowna-scaled-1-1021x1536.jpg 1021w, https:\/\/progressogabinet.com\/wp-content\/uploads\/2023\/10\/strona-glowna-scaled-1-1362x2048.jpg 1362w, https:\/\/progressogabinet.com\/wp-content\/uploads\/2023\/10\/strona-glowna-scaled-1.jpg 1702w\" sizes=\"(max-width: 681px) 100vw, 681px\" \/>\t\t\t\t\t\t\t\t\t\t\t\t\t\t\t<\/div>\n\t\t\t\t<\/div>\n\t\t\t\t<div class=\"elementor-element elementor-element-b8b0c20 elementor-widget__width-inherit elementor-hidden-mobile elementor-hidden-tablet elementor-hidden-laptop elementor-hidden-tablet_extra elementor-hidden-mobile_extra elementor-invisible elementor-widget elementor-widget-image\" data-id=\"b8b0c20\" data-element_type=\"widget\" data-e-type=\"widget\" data-settings=\"{&quot;_animation&quot;:&quot;fadeInUp&quot;}\" data-widget_type=\"image.default\">\n\t\t\t\t<div class=\"elementor-widget-container\">\n\t\t\t\t\t\t\t\t\t\t\t\t\t\t\t<img decoding=\"async\" width=\"681\" height=\"1024\" src=\"https:\/\/progressogabinet.com\/wp-content\/uploads\/2023\/10\/strona-glowna-scaled-1-681x1024.jpg\" class=\"attachment-large size-large wp-image-21733\" alt=\"\" srcset=\"https:\/\/progressogabinet.com\/wp-content\/uploads\/2023\/10\/strona-glowna-scaled-1-681x1024.jpg 681w, https:\/\/progressogabinet.com\/wp-content\/uploads\/2023\/10\/strona-glowna-scaled-1-199x300.jpg 199w, https:\/\/progressogabinet.com\/wp-content\/uploads\/2023\/10\/strona-glowna-scaled-1-768x1155.jpg 768w, https:\/\/progressogabinet.com\/wp-content\/uploads\/2023\/10\/strona-glowna-scaled-1-1021x1536.jpg 1021w, https:\/\/progressogabinet.com\/wp-content\/uploads\/2023\/10\/strona-glowna-scaled-1-1362x2048.jpg 1362w, https:\/\/progressogabinet.com\/wp-content\/uploads\/2023\/10\/strona-glowna-scaled-1.jpg 1702w\" sizes=\"(max-width: 681px) 100vw, 681px\" \/>\t\t\t\t\t\t\t\t\t\t\t\t\t\t\t<\/div>\n\t\t\t\t<\/div>\n\t\t\t\t\t<\/div>\n\t\t<\/div>\n\t\t\t\t\t<\/div>\n\t\t<\/section>\n\t\t\t\t\t<\/div>\n\t\t<\/div>\n\t\t\t\t\t<\/div>\n\t\t<\/section>\n\t\t\t\t<\/div>\n\t\t","protected":false},"excerpt":{"rendered":"<p>Pomoc i terapia psychologiczna Konsultacje Rozw\u00f3j intra i interpersonalny Coaching<\/p>\n","protected":false},"author":1,"featured_media":0,"parent":0,"menu_order":0,"comment_status":"closed","ping_status":"closed","template":"","meta":{"inline_featured_image":false,"site-sidebar-layout":"no-sidebar","site-content-layout":"page-builder","ast-site-content-layout":"default","site-content-style":"default","site-sidebar-style":"default","ast-global-header-display":"","ast-banner-title-visibility":"","ast-main-header-display":"","ast-hfb-above-header-display":"","ast-hfb-below-header-display":"","ast-hfb-mobile-header-display":"","site-post-title":"disabled","ast-breadcrumbs-content":"","ast-featured-img":"disabled","footer-sml-layout":"","ast-disable-related-posts":"","theme-transparent-header-meta":"","adv-header-id-meta":"","stick-header-meta":"","header-above-stick-meta":"","header-main-stick-meta":"","header-below-stick-meta":"","astra-migrate-meta-layouts":"default","ast-page-background-enabled":"default","ast-page-background-meta":{"desktop":{"background-color":"var(--ast-global-color-4)","background-image":"","background-repeat":"repeat","background-position":"center center","background-size":"auto","background-attachment":"scroll","background-type":"","background-media":"","overlay-type":"","overlay-color":"","overlay-opacity":"","overlay-gradient":""},"tablet":{"background-color":"","background-image":"","background-repeat":"repeat","background-position":"center center","background-size":"auto","background-attachment":"scroll","background-type":"","background-media":"","overlay-type":"","overlay-color":"","overlay-opacity":"","overlay-gradient":""},"mobile":{"background-color":"","background-image":"","background-repeat":"repeat","background-position":"center center","background-size":"auto","background-attachment":"scroll","background-type":"","background-media":"","overlay-type":"","overlay-color":"","overlay-opacity":"","overlay-gradient":""}},"ast-content-background-meta":{"desktop":{"background-color":"var(--ast-global-color-5)","background-image":"","background-repeat":"repeat","background-position":"center center","background-size":"auto","background-attachment":"scroll","background-type":"","background-media":"","overlay-type":"","overlay-color":"","overlay-opacity":"","overlay-gradient":""},"tablet":{"background-color":"var(--ast-global-color-5)","background-image":"","background-repeat":"repeat","background-position":"center center","background-size":"auto","background-attachment":"scroll","background-type":"","background-media":"","overlay-type":"","overlay-color":"","overlay-opacity":"","overlay-gradient":""},"mobile":{"background-color":"var(--ast-global-color-5)","background-image":"","background-repeat":"repeat","background-position":"center center","background-size":"auto","background-attachment":"scroll","background-type":"","background-media":"","overlay-type":"","overlay-color":"","overlay-opacity":"","overlay-gradient":""}},"footnotes":""},"class_list":["post-9749","page","type-page","status-publish","hentry"],"yoast_head":"<!-- This site is optimized with the Yoast SEO plugin v27.3 - https:\/\/yoast.com\/product\/yoast-seo-wordpress\/ -->\n<title>HOME - PROGRESSO Anna R\u00f3\u017ca\u0144ska<\/title>\n<meta name=\"description\" content=\"Strona internetowa Anna R\u00f3\u017ca\u0144ska Psycholog dzia\u0142aj\u0105cy w Poznaniu i nie tylko. Zach\u0119cam do skorzystania z moich us\u0142ug.\" \/>\n<meta name=\"robots\" content=\"index, follow, max-snippet:-1, max-image-preview:large, max-video-preview:-1\" \/>\n<link rel=\"canonical\" href=\"https:\/\/progressogabinet.com\/\" \/>\n<meta property=\"og:locale\" content=\"en_US\" \/>\n<meta property=\"og:type\" content=\"article\" \/>\n<meta property=\"og:title\" content=\"HOME - PROGRESSO Anna R\u00f3\u017ca\u0144ska\" \/>\n<meta property=\"og:description\" content=\"Strona internetowa Anna R\u00f3\u017ca\u0144ska Psycholog dzia\u0142aj\u0105cy w Poznaniu i nie tylko. Zach\u0119cam do skorzystania z moich us\u0142ug.\" \/>\n<meta property=\"og:url\" content=\"https:\/\/progressogabinet.com\/\" \/>\n<meta property=\"og:site_name\" content=\"PROGRESSO Anna R\u00f3\u017ca\u0144ska\" \/>\n<meta property=\"article:modified_time\" content=\"2025-03-17T21:07:10+00:00\" \/>\n<meta property=\"og:image\" content=\"https:\/\/progressogabinet.com\/wp-content\/uploads\/2023\/10\/strona-glowna-scaled-1.jpg\" \/>\n<meta name=\"twitter:card\" content=\"summary_large_image\" \/>\n<meta name=\"twitter:label1\" content=\"Est. reading time\" \/>\n\t<meta name=\"twitter:data1\" content=\"1 minute\" \/>\n<script type=\"application\/ld+json\" class=\"yoast-schema-graph\">{\"@context\":\"https:\\\/\\\/schema.org\",\"@graph\":[{\"@type\":\"WebPage\",\"@id\":\"https:\\\/\\\/progressogabinet.com\\\/\",\"url\":\"https:\\\/\\\/progressogabinet.com\\\/\",\"name\":\"HOME - PROGRESSO Anna R\u00f3\u017ca\u0144ska\",\"isPartOf\":{\"@id\":\"https:\\\/\\\/progressogabinet.com\\\/#website\"},\"primaryImageOfPage\":{\"@id\":\"https:\\\/\\\/progressogabinet.com\\\/#primaryimage\"},\"image\":{\"@id\":\"https:\\\/\\\/progressogabinet.com\\\/#primaryimage\"},\"thumbnailUrl\":\"https:\\\/\\\/progressogabinet.com\\\/wp-content\\\/uploads\\\/2023\\\/10\\\/strona-glowna-scaled-1.jpg\",\"datePublished\":\"2023-01-08T23:15:12+00:00\",\"dateModified\":\"2025-03-17T21:07:10+00:00\",\"description\":\"Strona internetowa Anna R\u00f3\u017ca\u0144ska Psycholog dzia\u0142aj\u0105cy w Poznaniu i nie tylko. Zach\u0119cam do skorzystania z moich us\u0142ug.\",\"breadcrumb\":{\"@id\":\"https:\\\/\\\/progressogabinet.com\\\/#breadcrumb\"},\"inLanguage\":\"en-US\",\"potentialAction\":[{\"@type\":\"ReadAction\",\"target\":[\"https:\\\/\\\/progressogabinet.com\\\/\"]}]},{\"@type\":\"ImageObject\",\"inLanguage\":\"en-US\",\"@id\":\"https:\\\/\\\/progressogabinet.com\\\/#primaryimage\",\"url\":\"https:\\\/\\\/progressogabinet.com\\\/wp-content\\\/uploads\\\/2023\\\/10\\\/strona-glowna-scaled-1.jpg\",\"contentUrl\":\"https:\\\/\\\/progressogabinet.com\\\/wp-content\\\/uploads\\\/2023\\\/10\\\/strona-glowna-scaled-1.jpg\",\"width\":1702,\"height\":2560},{\"@type\":\"BreadcrumbList\",\"@id\":\"https:\\\/\\\/progressogabinet.com\\\/#breadcrumb\",\"itemListElement\":[{\"@type\":\"ListItem\",\"position\":1,\"name\":\"Home\",\"item\":\"https:\\\/\\\/progressogabinet.com\\\/\"},{\"@type\":\"ListItem\",\"position\":2,\"name\":\"HOME\"}]},{\"@type\":\"WebSite\",\"@id\":\"https:\\\/\\\/progressogabinet.com\\\/#website\",\"url\":\"https:\\\/\\\/progressogabinet.com\\\/\",\"name\":\"PROGRESSO Anna R\u00f3\u017ca\u0144ska\",\"description\":\"Gabinet wsparcia I rozwoju\",\"publisher\":{\"@id\":\"https:\\\/\\\/progressogabinet.com\\\/#organization\"},\"potentialAction\":[{\"@type\":\"SearchAction\",\"target\":{\"@type\":\"EntryPoint\",\"urlTemplate\":\"https:\\\/\\\/progressogabinet.com\\\/?s={search_term_string}\"},\"query-input\":{\"@type\":\"PropertyValueSpecification\",\"valueRequired\":true,\"valueName\":\"search_term_string\"}}],\"inLanguage\":\"en-US\"},{\"@type\":\"Organization\",\"@id\":\"https:\\\/\\\/progressogabinet.com\\\/#organization\",\"name\":\"PROGRESSO Anna R\u00f3\u017ca\u0144ska\",\"url\":\"https:\\\/\\\/progressogabinet.com\\\/\",\"logo\":{\"@type\":\"ImageObject\",\"inLanguage\":\"en-US\",\"@id\":\"https:\\\/\\\/progressogabinet.com\\\/#\\\/schema\\\/logo\\\/image\\\/\",\"url\":\"https:\\\/\\\/progressogabinet.com\\\/wp-content\\\/uploads\\\/2023\\\/10\\\/393143754_2130615260607702_8919032236120038691_n.png\",\"contentUrl\":\"https:\\\/\\\/progressogabinet.com\\\/wp-content\\\/uploads\\\/2023\\\/10\\\/393143754_2130615260607702_8919032236120038691_n.png\",\"width\":2053,\"height\":501,\"caption\":\"PROGRESSO Anna R\u00f3\u017ca\u0144ska\"},\"image\":{\"@id\":\"https:\\\/\\\/progressogabinet.com\\\/#\\\/schema\\\/logo\\\/image\\\/\"}}]}<\/script>\n<!-- \/ Yoast SEO plugin. -->","yoast_head_json":{"title":"HOME - PROGRESSO Anna R\u00f3\u017ca\u0144ska","description":"Strona internetowa Anna R\u00f3\u017ca\u0144ska Psycholog dzia\u0142aj\u0105cy w Poznaniu i nie tylko. Zach\u0119cam do skorzystania z moich us\u0142ug.","robots":{"index":"index","follow":"follow","max-snippet":"max-snippet:-1","max-image-preview":"max-image-preview:large","max-video-preview":"max-video-preview:-1"},"canonical":"https:\/\/progressogabinet.com\/","og_locale":"en_US","og_type":"article","og_title":"HOME - PROGRESSO Anna R\u00f3\u017ca\u0144ska","og_description":"Strona internetowa Anna R\u00f3\u017ca\u0144ska Psycholog dzia\u0142aj\u0105cy w Poznaniu i nie tylko. Zach\u0119cam do skorzystania z moich us\u0142ug.","og_url":"https:\/\/progressogabinet.com\/","og_site_name":"PROGRESSO Anna R\u00f3\u017ca\u0144ska","article_modified_time":"2025-03-17T21:07:10+00:00","og_image":[{"url":"https:\/\/progressogabinet.com\/wp-content\/uploads\/2023\/10\/strona-glowna-scaled-1.jpg","type":"","width":"","height":""}],"twitter_card":"summary_large_image","twitter_misc":{"Est. reading time":"1 minute"},"schema":{"@context":"https:\/\/schema.org","@graph":[{"@type":"WebPage","@id":"https:\/\/progressogabinet.com\/","url":"https:\/\/progressogabinet.com\/","name":"HOME - PROGRESSO Anna R\u00f3\u017ca\u0144ska","isPartOf":{"@id":"https:\/\/progressogabinet.com\/#website"},"primaryImageOfPage":{"@id":"https:\/\/progressogabinet.com\/#primaryimage"},"image":{"@id":"https:\/\/progressogabinet.com\/#primaryimage"},"thumbnailUrl":"https:\/\/progressogabinet.com\/wp-content\/uploads\/2023\/10\/strona-glowna-scaled-1.jpg","datePublished":"2023-01-08T23:15:12+00:00","dateModified":"2025-03-17T21:07:10+00:00","description":"Strona internetowa Anna R\u00f3\u017ca\u0144ska Psycholog dzia\u0142aj\u0105cy w Poznaniu i nie tylko. Zach\u0119cam do skorzystania z moich us\u0142ug.","breadcrumb":{"@id":"https:\/\/progressogabinet.com\/#breadcrumb"},"inLanguage":"en-US","potentialAction":[{"@type":"ReadAction","target":["https:\/\/progressogabinet.com\/"]}]},{"@type":"ImageObject","inLanguage":"en-US","@id":"https:\/\/progressogabinet.com\/#primaryimage","url":"https:\/\/progressogabinet.com\/wp-content\/uploads\/2023\/10\/strona-glowna-scaled-1.jpg","contentUrl":"https:\/\/progressogabinet.com\/wp-content\/uploads\/2023\/10\/strona-glowna-scaled-1.jpg","width":1702,"height":2560},{"@type":"BreadcrumbList","@id":"https:\/\/progressogabinet.com\/#breadcrumb","itemListElement":[{"@type":"ListItem","position":1,"name":"Home","item":"https:\/\/progressogabinet.com\/"},{"@type":"ListItem","position":2,"name":"HOME"}]},{"@type":"WebSite","@id":"https:\/\/progressogabinet.com\/#website","url":"https:\/\/progressogabinet.com\/","name":"PROGRESSO Anna R\u00f3\u017ca\u0144ska","description":"Gabinet wsparcia I rozwoju","publisher":{"@id":"https:\/\/progressogabinet.com\/#organization"},"potentialAction":[{"@type":"SearchAction","target":{"@type":"EntryPoint","urlTemplate":"https:\/\/progressogabinet.com\/?s={search_term_string}"},"query-input":{"@type":"PropertyValueSpecification","valueRequired":true,"valueName":"search_term_string"}}],"inLanguage":"en-US"},{"@type":"Organization","@id":"https:\/\/progressogabinet.com\/#organization","name":"PROGRESSO Anna R\u00f3\u017ca\u0144ska","url":"https:\/\/progressogabinet.com\/","logo":{"@type":"ImageObject","inLanguage":"en-US","@id":"https:\/\/progressogabinet.com\/#\/schema\/logo\/image\/","url":"https:\/\/progressogabinet.com\/wp-content\/uploads\/2023\/10\/393143754_2130615260607702_8919032236120038691_n.png","contentUrl":"https:\/\/progressogabinet.com\/wp-content\/uploads\/2023\/10\/393143754_2130615260607702_8919032236120038691_n.png","width":2053,"height":501,"caption":"PROGRESSO Anna R\u00f3\u017ca\u0144ska"},"image":{"@id":"https:\/\/progressogabinet.com\/#\/schema\/logo\/image\/"}}]}},"_links":{"self":[{"href":"https:\/\/progressogabinet.com\/index.php?rest_route=\/wp\/v2\/pages\/9749","targetHints":{"allow":["GET"]}}],"collection":[{"href":"https:\/\/progressogabinet.com\/index.php?rest_route=\/wp\/v2\/pages"}],"about":[{"href":"https:\/\/progressogabinet.com\/index.php?rest_route=\/wp\/v2\/types\/page"}],"author":[{"embeddable":true,"href":"https:\/\/progressogabinet.com\/index.php?rest_route=\/wp\/v2\/users\/1"}],"replies":[{"embeddable":true,"href":"https:\/\/progressogabinet.com\/index.php?rest_route=%2Fwp%2Fv2%2Fcomments&post=9749"}],"version-history":[{"count":45,"href":"https:\/\/progressogabinet.com\/index.php?rest_route=\/wp\/v2\/pages\/9749\/revisions"}],"predecessor-version":[{"id":28865,"href":"https:\/\/progressogabinet.com\/index.php?rest_route=\/wp\/v2\/pages\/9749\/revisions\/28865"}],"wp:attachment":[{"href":"https:\/\/progressogabinet.com\/index.php?rest_route=%2Fwp%2Fv2%2Fmedia&parent=9749"}],"curies":[{"name":"wp","href":"https:\/\/api.w.org\/{rel}","templated":true}]}}